{"id":5578,"date":"2023-11-09T08:41:13","date_gmt":"2023-11-09T08:41:13","guid":{"rendered":"https:\/\/ehesapp.com\/?page_id=5578"},"modified":"2026-01-13T11:33:03","modified_gmt":"2026-01-13T08:33:03","slug":"web-sitesi-gizlilik-politikasi","status":"publish","type":"page","link":"https:\/\/ehesapp.com\/en\/web-sitesi-gizlilik-politikasi\/","title":{"rendered":"WEB S\u0130TES\u0130 G\u0130ZL\u0130L\u0130K POL\u0130T\u0130KASI"},"content":{"rendered":"<div data-elementor-type=\"wp-page\" data-elementor-id=\"5578\" class=\"elementor elementor-5578\">\n\t\t\t\t\t\t<section class=\"elementor-section elementor-top-section elementor-element elementor-element-8e03167 elementor-section-boxed elementor-section-height-default elementor-section-height-default\" data-id=\"8e03167\" data-element_type=\"section\">\n\t\t\t\t\t\t<div class=\"elementor-container elementor-column-gap-default\">\n\t\t\t\t\t<div class=\"elementor-column elementor-col-100 elementor-top-column elementor-element elementor-element-002e55e\" data-id=\"002e55e\" data-element_type=\"column\">\n\t\t\t<div class=\"elementor-widget-wrap elementor-element-populated\">\n\t\t\t\t\t\t<div class=\"elementor-element elementor-element-5c2da28 elementor-widget elementor-widget-heading\" data-id=\"5c2da28\" data-element_type=\"widget\" data-widget_type=\"heading.default\">\n\t\t\t\t<div class=\"elementor-widget-container\">\n\t\t\t\t\t<h2 class=\"elementor-heading-title elementor-size-default\">WEB S\u0130TES\u0130 G\u0130ZL\u0130L\u0130K POL\u0130T\u0130KASI<\/h2>\t\t\t\t<\/div>\n\t\t\t\t<\/div>\n\t\t\t\t\t<\/div>\n\t\t<\/div>\n\t\t\t\t\t<\/div>\n\t\t<\/section>\n\t\t\t\t<section class=\"elementor-section elementor-top-section elementor-element elementor-element-96abdee elementor-section-boxed elementor-section-height-default elementor-section-height-default\" data-id=\"96abdee\" data-element_type=\"section\">\n\t\t\t\t\t\t<div class=\"elementor-container elementor-column-gap-default\">\n\t\t\t\t\t<div class=\"elementor-column elementor-col-100 elementor-top-column elementor-element elementor-element-03db32e\" data-id=\"03db32e\" data-element_type=\"column\">\n\t\t\t<div class=\"elementor-widget-wrap elementor-element-populated\">\n\t\t\t\t\t\t<div class=\"elementor-element elementor-element-7788132 elementor-widget elementor-widget-text-editor\" data-id=\"7788132\" data-element_type=\"widget\" data-widget_type=\"text-editor.default\">\n\t\t\t\t<div class=\"elementor-widget-container\">\n\t\t\t\t\t\t\t\t\t<p>Ehesapp (&#8216;\u015eirket&#8221;), internet sitesini ziyaret eden ki\u015filerin payla\u015fm\u0131\u015f oldu\u011fu bilgilerin gizlili\u011fini sa\u011flamay\u0131 ilke olarak kabul etmi\u015ftir. Bu nedenle i\u015fbu &#8216;Gizlilik Politikas\u0131\u201d ki\u015filerin hangi bilgilerinin, hangi yollarla i\u015flendi\u011fini, bu bilgilerin hukuka uygun olarak ve vermi\u015f oldu\u011funuz izin kapsam\u0131nda hangi \u00fc\u00e7\u00fcnc\u00fc ki\u015filer ile payla\u015f\u0131ld\u0131\u011f\u0131n\u0131 ve \u015eirket taraf\u0131ndan ne \u015fekilde korundu\u011funu a\u00e7\u0131klayarak sizi bilgilendirmek amac\u0131 ile Olu\u015fturulmu\u015ftur. Ayr\u0131ca i\u015fbu Gizlilik Politikas\u0131 \u00e7er\u00e7evesinde bu bilgilerin do\u011frulu\u011funun sizler taraf\u0131ndan nas\u0131l denetlenebilece\u011fi ve istendi\u011finde \u015eirketin internet sitesine ba\u015fvurarak bu bilgilerin silinmesini nas\u0131l sa\u011flayabilece\u011finiz belirtilmi\u015ftir. \u015eirket Taraf\u0131ndan ki\u015filere her t\u00fcrl\u00fc kanaldan sunulan t\u00fcm hizmetler k\u0131saca &#8220;Hizmet\u201d olarak an\u0131lacakt\u0131r.<\/p><p><strong>Veri Sorumlusu<\/strong><\/p><p>Ki\u015fisel veri kimli\u011fi belirli veya belirlenebilir ger\u00e7ek ki\u015fiye ili\u015fkin isim, seyisim, do\u011fum tarihi veya telefon numaras\u0131 gibi her t\u00fcrl\u00fc bilgiyi ifade etmektedir. Ki\u015fisel verileriniz, veri sorumlusu s\u0131fat\u0131yla \u0130stanbul Ticaret Sicil M\u00fcd\u00fcrl\u00fc\u011f\u00fc nezdinde sicil numaras\u0131 ile kay\u0131tl\u0131 ve \u015firket merkezi Ziya G\u00f6kalp Mah. S\u00fcleyman Demirel Bul. The Office No: 7E \u0130\u00e7 Kap\u0131 No: 136 Ba\u015fak\u015fehir \/ \u0130stanbul adresinde bulunan Ehesapp (\u015eirket) taraf\u0131ndan 6698 say\u0131l\u0131 Ki\u015fisel Verilerin Korunmas\u0131 Kanunu (KVKK) ba\u015fta olmak \u00fczere, ilgili mevzuat d\u00fczenlemeleri ve yetkili otorite kararlar\u0131\/duyurular\u0131 ile i\u015fbu Gizlilik Politikas\u0131 \u00e7er\u00e7evesinde i\u015flenmektedir.<\/p><p>\u015eirket, gizlili\u011finizin ve ki\u015fisel verilerinizin korunmas\u0131na ili\u015fkin endi\u015felerinize sayg\u0131 duymaktad\u0131r. Bu kapsamda \u015eirket, ki\u015fisel verilerinizi KVKK ba\u015fta olmak \u00fczere ki\u015fisel verilerin korunmas\u0131na ili\u015fkin t\u00fcm mevzuat h\u00fck\u00fcmlerine uygun \u015fekilde i\u015flemekte, verilerinizin g\u00fcvenli \u015fekilde bar\u0131nd\u0131r\u0131lmas\u0131n\u0131 sa\u011flamakta ve olas\u0131 hukuka ayk\u0131r\u0131 eri\u015fimlere kar\u015f\u0131 gerekli t\u00fcm g\u00fcvenlik tedbirlerini almaktad\u0131r.<\/p><p>\u0130\u015fbu Gizlilik Politikas\u0131 metni, \u015eirket taraf\u0131ndan a\u015fa\u011f\u0131da belirtilen kanallar vas\u0131tas\u0131 ile hangi ki\u015fisel veri kategorilerinizin topland\u0131\u011f\u0131 ve hangi s\u00fcre\u00e7ler ve ama\u00e7larla i\u015flendi\u011fi, hangi al\u0131c\u0131 gruplar\u0131na aktar\u0131ld\u0131\u011f\u0131, ki\u015fisel verilerinizin korunmas\u0131na ili\u015fkin haklar\u0131n\u0131z\u0131 ve veri sorumlusu olarak \u015eirketin ayd\u0131nlatma y\u00fck\u00fcml\u00fcl\u00fc\u011f\u00fc kapsam\u0131nda sizleri bilgilendirmesi gereken di\u011fer a\u00e7\u0131klamalar\u0131 i\u00e7ermektedin Gizlilik Politikas\u0131n\u0131n Kapsam\u0131 ve Toplanan Veriler Belirli bir ki\u015fiye ait kullan\u0131lacak ve i\u015flenecek bilgiler, yaln\u0131zca bu ki\u015finin kendi istemiyle veri girmesi veya bu hususta a\u00e7\u0131k\u00e7a muvafakat vermesi halinde m\u00fcmk\u00fcnd\u00fcn Veri girilmesi veya bu konuda a\u00e7\u0131k\u00e7a muvafakat verilmesi, ki\u015finin a\u015fa\u011f\u0131da belirtilen \u015fartlar ile mutab\u0131k oldu\u011funun g\u00f6stergesidir. \u0130nternet sitesi ziyaret edildi\u011finde baz\u0131 bilgiler internet sitesi sunucular\u0131nda depolan\u0131r.<\/p><p>Toplanan veriler ki\u015fisel verilerinizi kapsamamakla birlikte sizlere daha iyi hizmet sunabilmemiz i\u00e7in a\u015fa\u011f\u0131da bahsedilen \u00e7erezler kullan\u0131lmaktad\u0131r.<\/p><p>Bu veriler do\u011frultusunda site kullan\u0131c\u0131s\u0131 hakk\u0131nda birtak\u0131m sonu\u00e7lar \u00e7\u0131kar\u0131l\u0131r. Ancak bu ki\u015fisel veriler sadece anonim olarak kullan\u0131labilir. Bu verilerin d\u0131\u015far\u0131dan bir hizmet sa\u011flayac\u0131s\u0131na aktar\u0131lmas\u0131 durumunda veri g\u00fcvenli\u011fine ili\u015fkin mevcut yasal d\u00fczenlemeler \u00e7er\u00e7evesinde aktar\u0131lmas\u0131 i\u00e7in gerekli i\u015flemler ger\u00e7ekle\u015ftirilir.<\/p><p>Kendi iste\u011finiz ile ki\u015fisel bilgilerin verilmesi halinde \u015eirket, bu bilgileri yasada \u00f6ng\u00f6r\u00fclen veya kullan\u0131c\u0131n\u0131n kabul beyan\u0131nda belirtilen s\u0131n\u0131rlamalar \u00e7er\u00e7evesinde kullanaca\u011f\u0131n\u0131 ve bu \u00e7er\u00e7evede i\u015fleme tabi tutaca\u011f\u0131n\u0131 veya aktar\u0131laca\u011f\u0131n\u0131 taahh\u00fct eder.<\/p><p>Ki\u015fisel verilerin ve \u00e7erezlerin kullan\u0131m ama\u00e7lar\u0131 a\u015fa\u011f\u0131da listelenmi\u015ftir Sunulan hizmetin bir par\u00e7as\u0131 olarak \u015eirket, hizmet alan ki\u015filere ili\u015fkin bilgileri i\u015fbu Gizlilik Politikas\u0131 kapsam\u0131nda elde edilebilir ve aktarabilir. Bu t\u00fcr bilgi aktar\u0131mlar\u0131, \u00fc\u00e7\u00fcnc\u00fc ki\u015filer taraf\u0131ndan belirlenen \u015fartlara ve \u00fc\u00e7\u00fcnc\u00fc ki\u015filer ile mevcut s\u00f6zle\u015fmelere ve y\u00fcr\u00fcrl\u00fckteki mevcut yasal mevzuata uygun olarak yap\u0131l\u0131r. Bu Gizlilik Politikas\u0131, bilgi aktar\u0131m\u0131 yap\u0131lan \u00fc\u00e7\u00fcnc\u00fc ki\u015filerin gizlilik uygulamalar\u0131n\u0131 yans\u0131tmamaktad\u0131r ve onlar\u0131n gizlilik politikalar\u0131ndan veya uygulamalar\u0131ndan \u015eirket sorumlu de\u011fildir. \u0130\u015fbu Gizlilik Politikas\u0131<\/p><p>\u015eirketin kendi kontrol\u00fc d\u0131\u015f\u0131ndaki uygulamalar taraf\u0131ndan toplan\u0131lan bilgiler, \u00fc\u00e7\u00fcnc\u00fc taraflara ait internet siteleri ve platformlar taraf\u0131ndan toplan\u0131lan bilgiler, \u00fc\u00e7\u00fcnc\u00fc taraflarca \u015eirket internet sitesindeki ba\u011flant\u0131lar \u00fczerinden toplanan bilgiler veya \u015eirketin sponsor oldu\u011fu veya kat\u0131ld\u0131\u011f\u0131 \u00fc\u00e7\u00fcnc\u00fc taraf internet siteleri \u00fczerindeki ba\u015fl\u0131klar, kampanyalar ve di\u011fer reklam veya tan\u0131t\u0131mlar\u0131 kapsamamaktad\u0131r. \u00dc\u00e7\u00fcnc\u00fc taraflar\u0131n kendi internet siteleri yoluyla toplad\u0131\u011f\u0131, saklad\u0131\u011f\u0131 ve kulland\u0131\u011f\u0131 ki\u015fisel verilere y\u00f6nelik yap\u0131lan i\u015flemlerden \u015eirket sorumlu de\u011fildir.<\/p><p><strong>\u00c7erez Kullan\u0131m\u0131<\/strong><\/p><p>\u015eirket, an\u0131lan ki\u015fisel verilerden baz\u0131lar\u0131n\u0131 teknik bir ileti\u015fim dosyas\u0131n\u0131 (\u00c7erez-cookie) kullanarak elde edebilir. Bahsi ge\u00e7en teknik ileti\u015fim dosyalar\u0131, ana bellekte saklanmak \u00fczere bir internet sitesinin kullan\u0131c\u0131n\u0131n taray\u0131c\u0131s\u0131na g\u00f6nderdi\u011fi k\u00fc\u00e7\u00fck metin dosyalar\u0131d\u0131r. Teknik ileti\u015fim dosyas\u0131 bir internet sitesi hakk\u0131nda durum ve tercihleri saklayarak \u0130nternet&#8217;in kullan\u0131m\u0131n\u0131 kolayla\u015ft\u0131r\u0131r. Teknik ileti\u015fim dosyas\u0131, internet sitesini ka\u00e7 ki\u015finin kulland\u0131\u011f\u0131n\u0131, bir ki\u015finin internet sitesini hangi ama\u00e7la, ka\u00e7 kez ziyaret etti\u011fini ve ne kadar kald\u0131klar\u0131n\u0131 belirten istatistiksel bilgileri elde etmeye ve kullan\u0131c\u0131lar i\u00e7in \u00f6zel tasarlanm\u0131\u015f kullan\u0131c\u0131 sayfalar\u0131ndan dinamik olarak reklam ve i\u00e7erik \u00fcretilmesine yard\u0131mc\u0131 olur. Teknik ileti\u015fim dosyas\u0131, ana bellekte veya e-postalardan veri veya ba\u015fka herhangi bir ki\u015fisel veri almak i\u00e7in tasarlanmam\u0131\u015ft\u0131r.<\/p><p>\u0130nternet sitesinde kullan\u0131lan \u00e7erezler \u015eu \u015fekildedir:<\/p><p>&#8211; \u0130nternet sitesini bulmak amac\u0131 ile kullan\u0131lan kelimeler<\/p><p>&#8211; \u0130nternet servisi sa\u011flay\u0131c\u0131s\u0131n\u0131n ismi<\/p><p>&#8211; IP adresi ve\/veya konumu<\/p><p>&#8211; Eri\u015fim sa\u011flayan bilgisayar\u0131n i\u015fletim sistemi<\/p><p>Online Al\u0131\u015fveri\u015f \u0130\u00e7in Gereken Veriler<\/p><p>\u015eirket, internet sitesi \u00fczerinden yapt\u0131\u011f\u0131n\u0131z \u00fcr\u00fcn veya hizmet al\u0131\u015fveri\u015flerinde g\u00fcvenli\u011finizi \u00f6nemsemektedir.<\/p><p>Bu nedenle kredi kart\u0131 bilgileriniz sadece sipari\u015f i\u015flemi ger\u00e7ekle\u015ftirilirken kullan\u0131l\u0131r ve veri taban\u0131nda kay\u0131tl\u0131 olarak tutulmaz<\/p><p><strong>Di\u011fer \u0130nternet Sitelerine Verilen Ba\u011flant\u0131lar<\/strong><\/p><p>\u015eirket internet sitesi, i\u00e7eri\u011finde \u00fc\u00e7\u00fcnc\u00fc ki\u015filere ait internet sitelerine y\u00f6nlendiren ba\u011flant\u0131lar\/linkler,<\/p><p>\u0130\u00e7erebilecek Olup i\u015fbu Gizlilik Politikas\u0131 bu internet siteleri i\u00e7in ge\u00e7erli de\u011fildin \u015eirket bu internet sitelerine ili\u015fkin herhangi bir sorumluluk kabul etmemektedir.<\/p><p><strong>\u00a0<\/strong><\/p><p><strong>Bilgi G\u00fcncelleme ve De\u011fi\u015fiklik<\/strong><\/p><p>\u015eirket, gizlilik veri koruma prensiplerini g\u00fcncel tutmak ve ilgili mevzuata uygun hale getirmek i\u00e7in i\u015fbu<\/p><p>Gizlilik politikas\u0131n\u0131n i\u00e7eri\u011fini diledi\u011fi zaman de\u011fi\u015ftirebilir. De\u011fi\u015fen Gizlilik Politikas\u0131 \u015eirket internet sitesinde ilan edilir. Gizlilik Politikas\u0131n\u0131n g\u00fcncel haline ehesapp.com adresinden s\u00fcrekli olarak ula\u015fman\u0131z m\u00fcmk\u00fcnd\u00fcr. \u0130\u015fbu Gizlilik Politikas\u0131n\u0131n de\u011fi\u015ftirilmesinden sonra \u015eirketin hizmet veya uygulamalar\u0131n\u0131 kullanmaya devam etmeniz halinde yap\u0131lan de\u011fi\u015fiklikleri kabul etti\u011finiz varsay\u0131l\u0131r. \u015eirketin de\u011fi\u015fiklik yapt\u0131\u011f\u0131 Gizlilik Politikas\u0131 h\u00fck\u00fcmleri internet sitesinde yay\u0131nland\u0131\u011f\u0131 tarihte y\u00fcr\u00fcrl\u00fck kazan\u0131r.<\/p><p>\u00a0<\/p><p><strong>Verileri Saklama S\u00fcresi<\/strong><\/p><p>\u00dcye olurken ya da \u00fcr\u00fcn veya hizmet \u015fat\u0131n al\u0131rken do\u011frudan payla\u015f\u0131lan veriler \u00fcyelik s\u00fcresinin ya da sat\u0131\u015f i\u015flemlerinin devam\u0131 boyunca saklanmaktad\u0131r. Kampanyalardan haberdar olmak i\u00e7in abone olunan b\u00fcltenlere abonelik devam ettik\u00e7e payla\u015f\u0131lan veriler saklanmaktad\u0131r.<\/p><p><strong>Ki\u015fisel Verilerin Ne \u015eekilde \u0130\u015flenebilece\u011fi<\/strong><\/p><p>6698 say\u0131l\u0131 Ki\u015fisel Verilerin Korumas\u0131 Kanunu (KVKK) uyar\u0131nca, Ehesapp ile payla\u015f\u0131lan ki\u015fisel veriler, tamamen veya k\u0131smen, otomatik olarak veya herhangi bir veri kay\u0131t sisteminin par\u00e7as\u0131 olmak kayd\u0131yla otomatik olmayan yollarla elde edilerek, kaydedilerek, depolanarak, de\u011fi\u015ftirilerek, yeniden d\u00fczenlenerek k\u0131sacas\u0131 veriler \u00fczerinde ger\u00e7ekle\u015ftirilen her t\u00fcrl\u00fc i\u015fleme konu olarak taraf\u0131m\u0131zca i\u015flenebilecektir. KVKK kapsam\u0131nda veriler \u00fczerinde ger\u00e7ekle\u015ftirilen her t\u00fcrl\u00fc i\u015flem &#8216;ki\u015fisel verilerin i\u015flenmesi&#8221; olarak kabul edilmektedir.<\/p><p><strong>Ki\u015fisel Verilerin Aktar\u0131labilece\u011fi \u00dc\u00e7\u00fcnc\u00fc Ki\u015fi Veya Kurulu\u015flar Hakk\u0131nda Bilgilendirme<\/strong><\/p><p>Yukar\u0131da belirtilen ama\u00e7larla, Ehesapp ile payla\u015f\u0131lan ki\u015fisel verilerin aktar\u0131labilece\u011fi ki\u015fi ve kurulu\u015flar; ana hissedarlar, hissedarlar, reklam verenler, do\u011frudan veya dolayl\u0131 yurti\u00e7i\/ yurtd\u0131\u015f\u0131 i\u015ftiraklerimiz; ba\u015fta Ehesapp altyap\u0131s\u0131n\u0131 kullanan \u00fcye firmalar ve bunlarla s\u0131n\u0131rl\u0131 olmamak \u00fczere sunulan hizmet ile ilgili ki\u015fi ve kurulu\u015flar olmak \u00fczere, faaliyetlerimizi y\u00fcr\u00fctmek \u00fczere veya Veri i\u015fleyen s\u0131fat\u0131 ile hizmet ald\u0131\u011f\u0131m\u0131z, i\u015f birli\u011fi yapt\u0131\u011f\u0131m\u0131z, program orta\u011f\u0131 kurulu\u015flar\u0131, yurti\u00e7i\/yurtdl\u015fl kurulu\u015flar ve di\u011fer 3. ki\u015filer ve kurulu\u015flard\u0131n Mahkemelerden gelen ba\u011flay\u0131c\u0131 taleplere y\u00f6nelik olarak hukuki y\u00fck\u00fcml\u00fcl\u00fcklerimiz dahilinde verileriniz istisnai olarak resmi kurumlarla payla\u015f\u0131labilecektir.<\/p><p>Reklam ama\u00e7l\u0131 kullan\u0131lacak \u00e7erezlere ili\u015fkin d\u00fczenlemelerimiz &#8220;Ehesapp \u00c7erez Politikas\u0131&#8217; Olup, \u015eu anda okudu\u011funuz &#8220;Gizlilik ve Ki\u015fisel Verilerin Korunmas\u0131 Politikas\u0131&#8217;n\u0131n bir par\u00e7as\u0131n\u0131 olu\u015fturmaktad\u0131r. \u00c7erez Politikam\u0131z hakk\u0131nda bilgi edinmek i\u00e7in l\u00fctfen t\u0131klay\u0131n.<\/p><p><strong>KVKK Y\u00fcr\u00fcrl\u00fc\u011fe Girmeden \u00d6nce Elde Edilen Ki\u015fisel Veriler<\/strong><\/p><p>Ki\u015fisel Verilerin Korunmas\u0131 Kanunu&#8217;nun y\u00fcr\u00fcrl\u00fck tarihinden (07.04.2016) \u00f6nce toplanm\u0131\u015f Olan veriler, Kanunun y\u00fcr\u00fcrl\u00fck tarihinden \u00f6nce hukuka uygun olarak al\u0131nm\u0131\u015f r\u0131zalar, bir sene i\u00e7inde aksi bir irade beyan\u0131nda bulunulmamas\u0131 halinde bu Kanuna uygun kabul edilir. Kanunun y\u00fcr\u00fcrl\u00fck tarihinden \u00f6nce al\u0131nan r\u0131zan\u0131n Kanuna uygun olabilmesi i\u00e7in genel hukuk kurallar\u0131na uygun olmas\u0131 ve bir sene i\u00e7inde aksine bir irade beyan\u0131nda bulunulmam\u0131\u015f olmas\u0131 gerekir.<\/p><p><strong>Veri Sahibinin Haklar\u0131<\/strong><\/p><p>Veri sahibi verilerine eri\u015fim hakk\u0131n\u0131 her zaman kullanabilin Buna ek olarak ilgili \u015fartlar\u0131n yerine getirilmesi durumunda KVKK madde I I &#8216;de d\u00fczenlenen haklar ve a\u015fa\u011f\u0131da belirtilen haklar kullan\u0131labilir.<\/p><ul><li>D\u00fczeltme hakk\u0131,<\/li><li>Silme hakk\u0131,<\/li><li>\u0130\u015flemeyi k\u0131s\u0131tlama hakk\u0131,<\/li><li>Yetkili veri koruma denetim kurumu \u00fczerinden bir \u015fik\u00e2yet Olu\u015fturma hakk\u0131,<\/li><li>Veri ta\u015f\u0131nabilirli\u011fi hakk\u0131.<\/li><\/ul><p>Ki\u015fisel verilerin, \u015eirketin kanuni bir faydaya sahip oldu\u011fu zeminde i\u015flenmesine ili\u015fkin faaliyetler s\u00f6z konusu oldu\u011funda, i\u00e7inde bulunulan \u00f6zel durum sonucunda olu\u015fan gerek\u00e7eler dolay\u0131s\u0131yla, veri sahibi ki\u015fisel verilerin i\u015flenmesine itiraz hakk\u0131na sahiptin \u015eirket, verilerin i\u015flenmesine ili\u015fiklin olarak korumas\u0131 gereken \u00e7\u0131karlar\u0131n, haklar\u0131n ve \u00f6zg\u00fcrl\u00fcklerin \u00fczerinde yer alan \u00f6nemli bir gerek\u00e7e oldu\u011funu kan\u0131tlayamad\u0131\u011f\u0131 veya bu i\u015flem kanuni hak taleplerde bulunmak, bu talepleri kullanmak veya savunmak gibi ama\u00e7lara hizmet etti\u011fi s\u00fcrece \u015eirket verilerin i\u015flenmesini durduracakt\u0131r.<\/p><p>Ki\u015fisel verilerin i\u015flenmesine onay verilmesi halinde onay\u0131n geri \u00e7ekilmesi imkan\u0131 vard\u0131n Kanun kapsam\u0131nda, ki\u015fisel verileriniz ile ilgili her t\u00fcrl\u00fc talep, \u015fikayet ve \u00f6nerilerinizi, kimli\u011finizi tevsik edici belgeler ve talebinizi i\u00e7eren dilek\u00e7eniz ile a\u015fa\u011f\u0131daki adresimize ula\u015ft\u0131rabilir veya g\u00fcvenli elektronik imza kullanmak suretiyle \u015eirketimizin info@ehesapp.com kay\u0131tl\u0131 elektronik posta adresine g\u00f6nderebilirsiniz.<\/p><p><strong>Adresimiz:<\/strong><\/p><p>Ziya G\u00f6kalp Mah. S\u00fcleyman Demirel Bul. The Office No: 7E \u0130\u00e7 Kap\u0131 No: 136 Ba\u015fak\u015fehir \/ \u0130stanbul<\/p><p>+90 850 888 0 433<\/p><p>info@ehesapp.com<\/p>\t\t\t\t\t\t\t\t<\/div>\n\t\t\t\t<\/div>\n\t\t\t\t\t<\/div>\n\t\t<\/div>\n\t\t\t\t\t<\/div>\n\t\t<\/section>\n\t\t\t\t<\/div>","protected":false},"excerpt":{"rendered":"<p>WEB S\u0130TES\u0130 G\u0130ZL\u0130L\u0130K POL\u0130T\u0130KASI Ehesapp (&#8216;\u015eirket&#8221;), internet sitesini ziyaret eden ki\u015filerin payla\u015fm\u0131\u015f oldu\u011fu bilgilerin gizlili\u011fini sa\u011flamay\u0131 ilke olarak kabul etmi\u015ftir. Bu nedenle [&hellip;]<\/p>","protected":false},"author":1,"featured_media":0,"parent":0,"menu_order":0,"comment_status":"closed","ping_status":"closed","template":"elementor_header_footer","meta":{"_monsterinsights_skip_tracking":false,"_monsterinsights_sitenote_active":false,"_monsterinsights_sitenote_note":"","_monsterinsights_sitenote_category":0,"footnotes":""},"class_list":["post-5578","page","type-page","status-publish","hentry"],"yoast_head":"<!-- This site is optimized with the Yoast SEO plugin v26.7 - https:\/\/yoast.com\/wordpress\/plugins\/seo\/ -->\n<title>WEB S\u0130TES\u0130 G\u0130ZL\u0130L\u0130K POL\u0130T\u0130KASI - eHesApp A\u00e7\u0131k Bankac\u0131l\u0131k Platformu<\/title>\n<meta name=\"robots\" content=\"index, follow, max-snippet:-1, max-image-preview:large, max-video-preview:-1\" \/>\n<link rel=\"canonical\" href=\"https:\/\/ehesapp.com\/en\/web-sitesi-gizlilik-politikasi\/\" \/>\n<meta property=\"og:locale\" content=\"en_US\" \/>\n<meta property=\"og:type\" content=\"article\" \/>\n<meta property=\"og:title\" content=\"WEB S\u0130TES\u0130 G\u0130ZL\u0130L\u0130K POL\u0130T\u0130KASI - eHesApp A\u00e7\u0131k Bankac\u0131l\u0131k Platformu\" \/>\n<meta property=\"og:description\" content=\"WEB S\u0130TES\u0130 G\u0130ZL\u0130L\u0130K POL\u0130T\u0130KASI Ehesapp (&#8216;\u015eirket&#8221;), internet sitesini ziyaret eden ki\u015filerin payla\u015fm\u0131\u015f oldu\u011fu bilgilerin gizlili\u011fini sa\u011flamay\u0131 ilke olarak kabul etmi\u015ftir. Bu nedenle [&hellip;]\" \/>\n<meta property=\"og:url\" content=\"https:\/\/ehesapp.com\/en\/web-sitesi-gizlilik-politikasi\/\" \/>\n<meta property=\"og:site_name\" content=\"eHesApp A\u00e7\u0131k Bankac\u0131l\u0131k Platformu\" \/>\n<meta property=\"article:modified_time\" content=\"2026-01-13T08:33:03+00:00\" \/>\n<meta name=\"twitter:card\" content=\"summary_large_image\" \/>\n<meta name=\"twitter:label1\" content=\"Est. reading time\" \/>\n\t<meta name=\"twitter:data1\" content=\"6 minutes\" \/>\n<script type=\"application\/ld+json\" class=\"yoast-schema-graph\">{\"@context\":\"https:\/\/schema.org\",\"@graph\":[{\"@type\":\"WebPage\",\"@id\":\"https:\/\/ehesapp.com\/web-sitesi-gizlilik-politikasi\/\",\"url\":\"https:\/\/ehesapp.com\/web-sitesi-gizlilik-politikasi\/\",\"name\":\"WEB S\u0130TES\u0130 G\u0130ZL\u0130L\u0130K POL\u0130T\u0130KASI - eHesApp A\u00e7\u0131k Bankac\u0131l\u0131k Platformu\",\"isPartOf\":{\"@id\":\"https:\/\/ehesapp.com\/#website\"},\"datePublished\":\"2023-11-09T08:41:13+00:00\",\"dateModified\":\"2026-01-13T08:33:03+00:00\",\"breadcrumb\":{\"@id\":\"https:\/\/ehesapp.com\/web-sitesi-gizlilik-politikasi\/#breadcrumb\"},\"inLanguage\":\"en-US\",\"potentialAction\":[{\"@type\":\"ReadAction\",\"target\":[\"https:\/\/ehesapp.com\/web-sitesi-gizlilik-politikasi\/\"]}]},{\"@type\":\"BreadcrumbList\",\"@id\":\"https:\/\/ehesapp.com\/web-sitesi-gizlilik-politikasi\/#breadcrumb\",\"itemListElement\":[{\"@type\":\"ListItem\",\"position\":1,\"name\":\"Anasayfa\",\"item\":\"https:\/\/ehesapp.com\/\"},{\"@type\":\"ListItem\",\"position\":2,\"name\":\"WEB S\u0130TES\u0130 G\u0130ZL\u0130L\u0130K POL\u0130T\u0130KASI\"}]},{\"@type\":\"WebSite\",\"@id\":\"https:\/\/ehesapp.com\/#website\",\"url\":\"https:\/\/ehesapp.com\/\",\"name\":\"eHesApp A\u00e7\u0131k Bankac\u0131l\u0131k Platformu\",\"description\":\"Hepsi bir arada hesap y\u00f6netimi\",\"publisher\":{\"@id\":\"https:\/\/ehesapp.com\/#organization\"},\"potentialAction\":[{\"@type\":\"SearchAction\",\"target\":{\"@type\":\"EntryPoint\",\"urlTemplate\":\"https:\/\/ehesapp.com\/?s={search_term_string}\"},\"query-input\":{\"@type\":\"PropertyValueSpecification\",\"valueRequired\":true,\"valueName\":\"search_term_string\"}}],\"inLanguage\":\"en-US\"},{\"@type\":\"Organization\",\"@id\":\"https:\/\/ehesapp.com\/#organization\",\"name\":\"eHesApp A\u00e7\u0131k Bankac\u0131l\u0131k Platformu\",\"url\":\"https:\/\/ehesapp.com\/\",\"logo\":{\"@type\":\"ImageObject\",\"inLanguage\":\"en-US\",\"@id\":\"https:\/\/ehesapp.com\/#\/schema\/logo\/image\/\",\"url\":\"https:\/\/ehesapp.com\/wp-content\/uploads\/2022\/03\/cropped-ehesapp-logo.png\",\"contentUrl\":\"https:\/\/ehesapp.com\/wp-content\/uploads\/2022\/03\/cropped-ehesapp-logo.png\",\"width\":512,\"height\":512,\"caption\":\"eHesApp A\u00e7\u0131k Bankac\u0131l\u0131k Platformu\"},\"image\":{\"@id\":\"https:\/\/ehesapp.com\/#\/schema\/logo\/image\/\"}}]}<\/script>\n<!-- \/ Yoast SEO plugin. -->","yoast_head_json":{"title":"WEB S\u0130TES\u0130 G\u0130ZL\u0130L\u0130K POL\u0130T\u0130KASI - eHesApp A\u00e7\u0131k Bankac\u0131l\u0131k Platformu","robots":{"index":"index","follow":"follow","max-snippet":"max-snippet:-1","max-image-preview":"max-image-preview:large","max-video-preview":"max-video-preview:-1"},"canonical":"https:\/\/ehesapp.com\/en\/web-sitesi-gizlilik-politikasi\/","og_locale":"en_US","og_type":"article","og_title":"WEB S\u0130TES\u0130 G\u0130ZL\u0130L\u0130K POL\u0130T\u0130KASI - eHesApp A\u00e7\u0131k Bankac\u0131l\u0131k Platformu","og_description":"WEB S\u0130TES\u0130 G\u0130ZL\u0130L\u0130K POL\u0130T\u0130KASI Ehesapp (&#8216;\u015eirket&#8221;), internet sitesini ziyaret eden ki\u015filerin payla\u015fm\u0131\u015f oldu\u011fu bilgilerin gizlili\u011fini sa\u011flamay\u0131 ilke olarak kabul etmi\u015ftir. Bu nedenle [&hellip;]","og_url":"https:\/\/ehesapp.com\/en\/web-sitesi-gizlilik-politikasi\/","og_site_name":"eHesApp A\u00e7\u0131k Bankac\u0131l\u0131k Platformu","article_modified_time":"2026-01-13T08:33:03+00:00","twitter_card":"summary_large_image","twitter_misc":{"Est. reading time":"6 minutes"},"schema":{"@context":"https:\/\/schema.org","@graph":[{"@type":"WebPage","@id":"https:\/\/ehesapp.com\/web-sitesi-gizlilik-politikasi\/","url":"https:\/\/ehesapp.com\/web-sitesi-gizlilik-politikasi\/","name":"WEB S\u0130TES\u0130 G\u0130ZL\u0130L\u0130K POL\u0130T\u0130KASI - eHesApp A\u00e7\u0131k Bankac\u0131l\u0131k Platformu","isPartOf":{"@id":"https:\/\/ehesapp.com\/#website"},"datePublished":"2023-11-09T08:41:13+00:00","dateModified":"2026-01-13T08:33:03+00:00","breadcrumb":{"@id":"https:\/\/ehesapp.com\/web-sitesi-gizlilik-politikasi\/#breadcrumb"},"inLanguage":"en-US","potentialAction":[{"@type":"ReadAction","target":["https:\/\/ehesapp.com\/web-sitesi-gizlilik-politikasi\/"]}]},{"@type":"BreadcrumbList","@id":"https:\/\/ehesapp.com\/web-sitesi-gizlilik-politikasi\/#breadcrumb","itemListElement":[{"@type":"ListItem","position":1,"name":"Anasayfa","item":"https:\/\/ehesapp.com\/"},{"@type":"ListItem","position":2,"name":"WEB S\u0130TES\u0130 G\u0130ZL\u0130L\u0130K POL\u0130T\u0130KASI"}]},{"@type":"WebSite","@id":"https:\/\/ehesapp.com\/#website","url":"https:\/\/ehesapp.com\/","name":"eHesApp Open Banking Platform","description":"Hepsi bir arada hesap y\u00f6netimi","publisher":{"@id":"https:\/\/ehesapp.com\/#organization"},"potentialAction":[{"@type":"SearchAction","target":{"@type":"EntryPoint","urlTemplate":"https:\/\/ehesapp.com\/?s={search_term_string}"},"query-input":{"@type":"PropertyValueSpecification","valueRequired":true,"valueName":"search_term_string"}}],"inLanguage":"en-US"},{"@type":"Organization","@id":"https:\/\/ehesapp.com\/#organization","name":"eHesApp Open Banking Platform","url":"https:\/\/ehesapp.com\/","logo":{"@type":"ImageObject","inLanguage":"en-US","@id":"https:\/\/ehesapp.com\/#\/schema\/logo\/image\/","url":"https:\/\/ehesapp.com\/wp-content\/uploads\/2022\/03\/cropped-ehesapp-logo.png","contentUrl":"https:\/\/ehesapp.com\/wp-content\/uploads\/2022\/03\/cropped-ehesapp-logo.png","width":512,"height":512,"caption":"eHesApp A\u00e7\u0131k Bankac\u0131l\u0131k Platformu"},"image":{"@id":"https:\/\/ehesapp.com\/#\/schema\/logo\/image\/"}}]}},"_links":{"self":[{"href":"https:\/\/ehesapp.com\/en\/wp-json\/wp\/v2\/pages\/5578","targetHints":{"allow":["GET"]}}],"collection":[{"href":"https:\/\/ehesapp.com\/en\/wp-json\/wp\/v2\/pages"}],"about":[{"href":"https:\/\/ehesapp.com\/en\/wp-json\/wp\/v2\/types\/page"}],"author":[{"embeddable":true,"href":"https:\/\/ehesapp.com\/en\/wp-json\/wp\/v2\/users\/1"}],"replies":[{"embeddable":true,"href":"https:\/\/ehesapp.com\/en\/wp-json\/wp\/v2\/comments?post=5578"}],"version-history":[{"count":4,"href":"https:\/\/ehesapp.com\/en\/wp-json\/wp\/v2\/pages\/5578\/revisions"}],"predecessor-version":[{"id":5583,"href":"https:\/\/ehesapp.com\/en\/wp-json\/wp\/v2\/pages\/5578\/revisions\/5583"}],"wp:attachment":[{"href":"https:\/\/ehesapp.com\/en\/wp-json\/wp\/v2\/media?parent=5578"}],"curies":[{"name":"wp","href":"https:\/\/api.w.org\/{rel}","templated":true}]}}