{"id":1801,"date":"2022-10-05T09:53:11","date_gmt":"2022-10-05T09:53:11","guid":{"rendered":"https:\/\/ehesapp.com\/?page_id=1801"},"modified":"2026-01-13T11:30:39","modified_gmt":"2026-01-13T08:30:39","slug":"pos-raporlama-ve-mutabakat","status":"publish","type":"page","link":"https:\/\/ehesapp.com\/en\/pos-raporlama-ve-mutabakat\/","title":{"rendered":"Pos Reporting and Reconciliation"},"content":{"rendered":"<div data-elementor-type=\"wp-page\" data-elementor-id=\"1801\" class=\"elementor elementor-1801\">\n\t\t\t\t\t\t<section class=\"elementor-section elementor-top-section elementor-element elementor-element-4616d7b9 elementor-section-boxed elementor-section-height-default elementor-section-height-default\" data-id=\"4616d7b9\" data-element_type=\"section\" data-settings=\"{&quot;background_background&quot;:&quot;classic&quot;}\">\n\t\t\t\t\t\t\t<div class=\"elementor-background-overlay\"><\/div>\n\t\t\t\t\t\t\t<div class=\"elementor-container elementor-column-gap-default\">\n\t\t\t\t\t<div class=\"elementor-column elementor-col-100 elementor-top-column elementor-element elementor-element-593720a6\" data-id=\"593720a6\" data-element_type=\"column\">\n\t\t\t<div class=\"elementor-widget-wrap elementor-element-populated\">\n\t\t\t\t\t\t<div class=\"elementor-element elementor-element-3a6cdb7d elementor-widget elementor-widget-image-box\" data-id=\"3a6cdb7d\" data-element_type=\"widget\" data-widget_type=\"image-box.default\">\n\t\t\t\t<div class=\"elementor-widget-container\">\n\t\t\t\t\t<div class=\"elementor-image-box-wrapper\"><div class=\"elementor-image-box-content\"><h3 class=\"elementor-image-box-title\">Pos Reporting and Reconciliation<\/h3><p class=\"elementor-image-box-description\">Through Pos Reporting and Reconciliation service, we offer within the field of open banking; Instantly observe the transactions of all POS, including virtual POS and physical POS devices! By taking advantage of our Pos Reporting and Reconciliation service;<\/p><\/div><\/div>\t\t\t\t<\/div>\n\t\t\t\t<\/div>\n\t\t\t\t\t<\/div>\n\t\t<\/div>\n\t\t\t\t\t<\/div>\n\t\t<\/section>\n\t\t\t\t<section class=\"elementor-section elementor-top-section elementor-element elementor-element-81bd841 elementor-section-boxed elementor-section-height-default elementor-section-height-default\" data-id=\"81bd841\" data-element_type=\"section\" data-settings=\"{&quot;background_background&quot;:&quot;classic&quot;}\">\n\t\t\t\t\t\t\t<div class=\"elementor-background-overlay\"><\/div>\n\t\t\t\t\t\t\t<div class=\"elementor-container elementor-column-gap-default\">\n\t\t\t\t\t<div class=\"elementor-column elementor-col-100 elementor-top-column elementor-element elementor-element-45d20cea\" data-id=\"45d20cea\" data-element_type=\"column\">\n\t\t\t<div class=\"elementor-widget-wrap elementor-element-populated\">\n\t\t\t\t\t\t<section class=\"elementor-section elementor-inner-section elementor-element elementor-element-30f8f638 elementor-section-boxed elementor-section-height-default elementor-section-height-default\" data-id=\"30f8f638\" data-element_type=\"section\">\n\t\t\t\t\t\t<div class=\"elementor-container elementor-column-gap-default\">\n\t\t\t\t\t<div class=\"elementor-column elementor-col-100 elementor-inner-column elementor-element elementor-element-6a1f6905\" data-id=\"6a1f6905\" data-element_type=\"column\">\n\t\t\t<div class=\"elementor-widget-wrap elementor-element-populated\">\n\t\t\t\t\t\t<div class=\"elementor-element elementor-element-6dbaf783 elementor-vertical-align-top elementor-widget elementor-widget-image-box\" data-id=\"6dbaf783\" data-element_type=\"widget\" data-widget_type=\"image-box.default\">\n\t\t\t\t<div class=\"elementor-widget-container\">\n\t\t\t\t\t<div class=\"elementor-image-box-wrapper\"><div class=\"elementor-image-box-content\"><h3 class=\"elementor-image-box-title\">Pos Reporting and Reconciliation<\/h3><p class=\"elementor-image-box-description\">By taking advantage of our Pos Reporting and Reconciliation solution;\n<\/p><\/div><\/div>\t\t\t\t<\/div>\n\t\t\t\t<\/div>\n\t\t\t\t\t<\/div>\n\t\t<\/div>\n\t\t\t\t\t<\/div>\n\t\t<\/section>\n\t\t\t\t<section class=\"elementor-section elementor-inner-section elementor-element elementor-element-64b860a5 elementor-section-boxed elementor-section-height-default elementor-section-height-default\" data-id=\"64b860a5\" data-element_type=\"section\">\n\t\t\t\t\t\t<div class=\"elementor-container elementor-column-gap-default\">\n\t\t\t\t\t<div class=\"elementor-column elementor-col-50 elementor-inner-column elementor-element elementor-element-2f92238f\" data-id=\"2f92238f\" data-element_type=\"column\">\n\t\t\t<div class=\"elementor-widget-wrap elementor-element-populated\">\n\t\t\t\t\t\t<div class=\"elementor-element elementor-element-62ab69ca elementor-icon-list--layout-traditional elementor-list-item-link-full_width elementor-widget elementor-widget-icon-list\" data-id=\"62ab69ca\" data-element_type=\"widget\" data-widget_type=\"icon-list.default\">\n\t\t\t\t<div class=\"elementor-widget-container\">\n\t\t\t\t\t\t\t<ul class=\"elementor-icon-list-items\">\n\t\t\t\t\t\t\t<li class=\"elementor-icon-list-item\">\n\t\t\t\t\t\t\t\t\t\t\t<span class=\"elementor-icon-list-icon\">\n\t\t\t\t\t\t\t<i aria-hidden=\"true\" class=\"fas fa-check\"><\/i>\t\t\t\t\t\t<\/span>\n\t\t\t\t\t\t\t\t\t\t<span class=\"elementor-icon-list-text\">You can instantly observe all actions in many banks, even those multiple POS devices that are operating in the E-Commerce system.<\/span>\n\t\t\t\t\t\t\t\t\t<\/li>\n\t\t\t\t\t\t\t\t<li class=\"elementor-icon-list-item\">\n\t\t\t\t\t\t\t\t\t\t\t<span class=\"elementor-icon-list-icon\">\n\t\t\t\t\t\t\t<i aria-hidden=\"true\" class=\"fas fa-check\"><\/i>\t\t\t\t\t\t<\/span>\n\t\t\t\t\t\t\t\t\t\t<span class=\"elementor-icon-list-text\">You can monitor the commission agreement made by the banks on a single screen,<\/span>\n\t\t\t\t\t\t\t\t\t<\/li>\n\t\t\t\t\t\t\t\t<li class=\"elementor-icon-list-item\">\n\t\t\t\t\t\t\t\t\t\t\t<span class=\"elementor-icon-list-icon\">\n\t\t\t\t\t\t\t<i aria-hidden=\"true\" class=\"fas fa-check\"><\/i>\t\t\t\t\t\t<\/span>\n\t\t\t\t\t\t\t\t\t\t<span class=\"elementor-icon-list-text\">You can track the reflection of the installment transactions on the payment plan in the future periods.<\/span>\n\t\t\t\t\t\t\t\t\t<\/li>\n\t\t\t\t\t\t<\/ul>\n\t\t\t\t\t\t<\/div>\n\t\t\t\t<\/div>\n\t\t\t\t\t<\/div>\n\t\t<\/div>\n\t\t\t\t<div class=\"elementor-column elementor-col-50 elementor-inner-column elementor-element elementor-element-4a83580c\" data-id=\"4a83580c\" data-element_type=\"column\">\n\t\t\t<div class=\"elementor-widget-wrap elementor-element-populated\">\n\t\t\t\t\t\t<div class=\"elementor-element elementor-element-747f19ce elementor-widget elementor-widget-image\" data-id=\"747f19ce\" data-element_type=\"widget\" data-widget_type=\"image.default\">\n\t\t\t\t<div class=\"elementor-widget-container\">\n\t\t\t\t\t\t\t\t\t\t\t\t\t\t\t<img fetchpriority=\"high\" decoding=\"async\" width=\"1301\" height=\"679\" src=\"https:\/\/ehesapp.com\/wp-content\/uploads\/2022\/06\/eHesApp-POS-Transactions.jpg\" class=\"attachment-full size-full wp-image-538\" alt=\"\" srcset=\"https:\/\/ehesapp.com\/wp-content\/uploads\/2022\/06\/eHesApp-POS-Transactions.jpg 1191w, https:\/\/ehesapp.com\/wp-content\/uploads\/2022\/06\/eHesApp-POS-Transactions-300x163.jpg 300w, https:\/\/ehesapp.com\/wp-content\/uploads\/2022\/06\/eHesApp-POS-Transactions-1024x555.jpg 1024w, https:\/\/ehesapp.com\/wp-content\/uploads\/2022\/06\/eHesApp-POS-Transactions-768x417.jpg 768w, https:\/\/ehesapp.com\/wp-content\/uploads\/2022\/06\/eHesApp-POS-Transactions-18x10.jpg 18w, https:\/\/ehesapp.com\/wp-content\/uploads\/2022\/06\/eHesApp-POS-Transactions-920x499.jpg 920w, https:\/\/ehesapp.com\/wp-content\/uploads\/2022\/06\/eHesApp-POS-Transactions-230x125.jpg 230w, https:\/\/ehesapp.com\/wp-content\/uploads\/2022\/06\/eHesApp-POS-Transactions-350x190.jpg 350w, https:\/\/ehesapp.com\/wp-content\/uploads\/2022\/06\/eHesApp-POS-Transactions-480x260.jpg 480w\" sizes=\"(max-width: 1301px) 100vw, 1301px\" \/>\t\t\t\t\t\t\t\t\t\t\t\t\t\t\t<\/div>\n\t\t\t\t<\/div>\n\t\t\t\t\t<\/div>\n\t\t<\/div>\n\t\t\t\t\t<\/div>\n\t\t<\/section>\n\t\t\t\t\t<\/div>\n\t\t<\/div>\n\t\t\t\t\t<\/div>\n\t\t<\/section>\n\t\t\t\t<section class=\"elementor-section elementor-top-section elementor-element elementor-element-a5a0f84 elementor-section-boxed elementor-section-height-default elementor-section-height-default\" data-id=\"a5a0f84\" data-element_type=\"section\" data-settings=\"{&quot;background_background&quot;:&quot;classic&quot;}\">\n\t\t\t\t\t\t\t<div class=\"elementor-background-overlay\"><\/div>\n\t\t\t\t\t\t\t<div class=\"elementor-container elementor-column-gap-default\">\n\t\t\t\t\t<div class=\"elementor-column elementor-col-50 elementor-top-column elementor-element elementor-element-366a1e0d\" data-id=\"366a1e0d\" data-element_type=\"column\">\n\t\t\t<div class=\"elementor-widget-wrap elementor-element-populated\">\n\t\t\t\t\t\t<div class=\"elementor-element elementor-element-4df4266 elementor-widget elementor-widget-elementskit-heading\" data-id=\"4df4266\" data-element_type=\"widget\" data-widget_type=\"elementskit-heading.default\">\n\t\t\t\t<div class=\"elementor-widget-container\">\n\t\t\t\t\t<div class=\"ekit-wid-con\" ><div class=\"ekit-heading elementskit-section-title-wraper text_left   ekit_heading_tablet-   ekit_heading_mobile-\"><h2 class=\"ekit-heading--title elementskit-section-title\">Download Now!<\/h2>\t\t\t\t<div class='ekit-heading__description'>\n\t\t\t\t\t<p>Download now and have a full-fledged fintech to manage your financial operations.<\/p>\n\t\t\t\t<\/div>\n\t\t\t<\/div><\/div>\t\t\t\t<\/div>\n\t\t\t\t<\/div>\n\t\t\t\t\t<\/div>\n\t\t<\/div>\n\t\t\t\t<div class=\"elementor-column elementor-col-50 elementor-top-column elementor-element elementor-element-1099bd05\" data-id=\"1099bd05\" data-element_type=\"column\">\n\t\t\t<div class=\"elementor-widget-wrap elementor-element-populated\">\n\t\t\t\t\t\t<section class=\"elementor-section elementor-inner-section elementor-element elementor-element-6d49f0e3 elementor-section-boxed elementor-section-height-default elementor-section-height-default\" data-id=\"6d49f0e3\" data-element_type=\"section\">\n\t\t\t\t\t\t<div class=\"elementor-container elementor-column-gap-default\">\n\t\t\t\t\t<div class=\"elementor-column elementor-col-33 elementor-inner-column elementor-element elementor-element-77c2998f\" data-id=\"77c2998f\" data-element_type=\"column\">\n\t\t\t<div class=\"elementor-widget-wrap\">\n\t\t\t\t\t\t\t<\/div>\n\t\t<\/div>\n\t\t\t\t<div class=\"elementor-column elementor-col-33 elementor-inner-column elementor-element elementor-element-2cf8ebf3\" data-id=\"2cf8ebf3\" data-element_type=\"column\">\n\t\t\t<div class=\"elementor-widget-wrap elementor-element-populated\">\n\t\t\t\t\t\t<div class=\"elementor-element elementor-element-1d2509a5 elementor-widget elementor-widget-image\" data-id=\"1d2509a5\" data-element_type=\"widget\" data-widget_type=\"image.default\">\n\t\t\t\t<div class=\"elementor-widget-container\">\n\t\t\t\t\t\t\t\t\t\t\t\t\t\t\t\t<a href=\"https:\/\/apps.apple.com\/tr\/app\/ehesapp\/id1555201753?l=tr\" target=\"_blank\">\n\t\t\t\t\t\t\t<img decoding=\"async\" width=\"800\" height=\"400\" src=\"https:\/\/ehesapp.com\/wp-content\/uploads\/2022\/03\/app.png\" class=\"attachment-large size-large wp-image-99\" alt=\"\" srcset=\"https:\/\/ehesapp.com\/wp-content\/uploads\/2022\/03\/app.png 800w, https:\/\/ehesapp.com\/wp-content\/uploads\/2022\/03\/app-300x150.png 300w, https:\/\/ehesapp.com\/wp-content\/uploads\/2022\/03\/app-768x384.png 768w\" sizes=\"(max-width: 800px) 100vw, 800px\" \/>\t\t\t\t\t\t\t\t<\/a>\n\t\t\t\t\t\t\t\t\t\t\t\t\t\t\t<\/div>\n\t\t\t\t<\/div>\n\t\t\t\t\t<\/div>\n\t\t<\/div>\n\t\t\t\t<div class=\"elementor-column elementor-col-33 elementor-inner-column elementor-element elementor-element-749eb280\" data-id=\"749eb280\" data-element_type=\"column\">\n\t\t\t<div class=\"elementor-widget-wrap elementor-element-populated\">\n\t\t\t\t\t\t<div class=\"elementor-element elementor-element-4300d280 elementor-widget elementor-widget-image\" data-id=\"4300d280\" data-element_type=\"widget\" data-widget_type=\"image.default\">\n\t\t\t\t<div class=\"elementor-widget-container\">\n\t\t\t\t\t\t\t\t\t\t\t\t\t\t\t\t<a href=\"https:\/\/play.google.com\/store\/apps\/details?id=com.ehesapp\" target=\"_blank\">\n\t\t\t\t\t\t\t<img decoding=\"async\" width=\"800\" height=\"400\" src=\"https:\/\/ehesapp.com\/wp-content\/uploads\/2022\/03\/google.png\" class=\"attachment-large size-large wp-image-100\" alt=\"\" srcset=\"https:\/\/ehesapp.com\/wp-content\/uploads\/2022\/03\/google.png 800w, https:\/\/ehesapp.com\/wp-content\/uploads\/2022\/03\/google-300x150.png 300w, https:\/\/ehesapp.com\/wp-content\/uploads\/2022\/03\/google-768x384.png 768w\" sizes=\"(max-width: 800px) 100vw, 800px\" \/>\t\t\t\t\t\t\t\t<\/a>\n\t\t\t\t\t\t\t\t\t\t\t\t\t\t\t<\/div>\n\t\t\t\t<\/div>\n\t\t\t\t\t<\/div>\n\t\t<\/div>\n\t\t\t\t\t<\/div>\n\t\t<\/section>\n\t\t\t\t\t<\/div>\n\t\t<\/div>\n\t\t\t\t\t<\/div>\n\t\t<\/section>\n\t\t\t\t<\/div>","protected":false},"excerpt":{"rendered":"<p>Pos Raporlama ve Mutabakat A\u00e7\u0131k bankac\u0131l\u0131k kapsam\u0131nda sundu\u011fumuz \u00e7\u00f6z\u00fcmler aras\u0131nda yer alan Pos Raporlama ve Mutabakat sayesinde; sanal poslar ve fiziksel pos [&hellip;]<\/p>","protected":false},"author":1,"featured_media":841,"parent":0,"menu_order":0,"comment_status":"closed","ping_status":"closed","template":"page-templates\/page_front-page.php","meta":{"_monsterinsights_skip_tracking":false,"_monsterinsights_sitenote_active":false,"_monsterinsights_sitenote_note":"","_monsterinsights_sitenote_category":0,"footnotes":""},"class_list":["post-1801","page","type-page","status-publish","has-post-thumbnail","hentry"],"yoast_head":"<!-- This site is optimized with the Yoast SEO plugin v26.7 - https:\/\/yoast.com\/wordpress\/plugins\/seo\/ -->\n<title>Pos Raporlama ve Mutabakat - eHesApp A\u00e7\u0131k Bankac\u0131l\u0131k Platformu<\/title>\n<meta name=\"description\" content=\"Pos Raporlama ve Mutabakat sayesinde; sanal poslar ve fiziksel pos cihazlar\u0131 olmak \u00fczere b\u00fct\u00fcn poslar\u0131n i\u015flemlerini anl\u0131k olarak g\u00f6zlemleyin!\" \/>\n<meta name=\"robots\" content=\"index, follow, max-snippet:-1, max-image-preview:large, max-video-preview:-1\" \/>\n<link rel=\"canonical\" href=\"https:\/\/ehesapp.com\/en\/pos-raporlama-ve-mutabakat\/\" \/>\n<meta property=\"og:locale\" content=\"en_US\" \/>\n<meta property=\"og:type\" content=\"article\" \/>\n<meta property=\"og:title\" content=\"Pos Raporlama ve Mutabakat - eHesApp A\u00e7\u0131k Bankac\u0131l\u0131k Platformu\" \/>\n<meta property=\"og:description\" content=\"Pos Raporlama ve Mutabakat sayesinde; sanal poslar ve fiziksel pos cihazlar\u0131 olmak \u00fczere b\u00fct\u00fcn poslar\u0131n i\u015flemlerini anl\u0131k olarak g\u00f6zlemleyin!\" \/>\n<meta property=\"og:url\" content=\"https:\/\/ehesapp.com\/en\/pos-raporlama-ve-mutabakat\/\" \/>\n<meta property=\"og:site_name\" content=\"eHesApp A\u00e7\u0131k Bankac\u0131l\u0131k Platformu\" \/>\n<meta property=\"article:modified_time\" content=\"2026-01-13T08:30:39+00:00\" \/>\n<meta property=\"og:image\" content=\"https:\/\/ehesapp.com\/wp-content\/uploads\/2022\/06\/contact-min.png\" \/>\n\t<meta property=\"og:image:width\" content=\"700\" \/>\n\t<meta property=\"og:image:height\" content=\"700\" \/>\n\t<meta property=\"og:image:type\" content=\"image\/png\" \/>\n<meta name=\"twitter:card\" content=\"summary_large_image\" \/>\n<meta name=\"twitter:label1\" content=\"Est. reading time\" \/>\n\t<meta name=\"twitter:data1\" content=\"2 minutes\" \/>\n<script type=\"application\/ld+json\" class=\"yoast-schema-graph\">{\"@context\":\"https:\/\/schema.org\",\"@graph\":[{\"@type\":\"WebPage\",\"@id\":\"https:\/\/ehesapp.com\/pos-raporlama-ve-mutabakat\/\",\"url\":\"https:\/\/ehesapp.com\/pos-raporlama-ve-mutabakat\/\",\"name\":\"Pos Raporlama ve Mutabakat - eHesApp A\u00e7\u0131k Bankac\u0131l\u0131k Platformu\",\"isPartOf\":{\"@id\":\"https:\/\/ehesapp.com\/#website\"},\"primaryImageOfPage\":{\"@id\":\"https:\/\/ehesapp.com\/pos-raporlama-ve-mutabakat\/#primaryimage\"},\"image\":{\"@id\":\"https:\/\/ehesapp.com\/pos-raporlama-ve-mutabakat\/#primaryimage\"},\"thumbnailUrl\":\"https:\/\/ehesapp.com\/wp-content\/uploads\/2022\/06\/contact-min.png\",\"datePublished\":\"2022-10-05T09:53:11+00:00\",\"dateModified\":\"2026-01-13T08:30:39+00:00\",\"description\":\"Pos Raporlama ve Mutabakat sayesinde; sanal poslar ve fiziksel pos cihazlar\u0131 olmak \u00fczere b\u00fct\u00fcn poslar\u0131n i\u015flemlerini anl\u0131k olarak g\u00f6zlemleyin!\",\"breadcrumb\":{\"@id\":\"https:\/\/ehesapp.com\/pos-raporlama-ve-mutabakat\/#breadcrumb\"},\"inLanguage\":\"en-US\",\"potentialAction\":[{\"@type\":\"ReadAction\",\"target\":[\"https:\/\/ehesapp.com\/pos-raporlama-ve-mutabakat\/\"]}]},{\"@type\":\"ImageObject\",\"inLanguage\":\"en-US\",\"@id\":\"https:\/\/ehesapp.com\/pos-raporlama-ve-mutabakat\/#primaryimage\",\"url\":\"https:\/\/ehesapp.com\/wp-content\/uploads\/2022\/06\/contact-min.png\",\"contentUrl\":\"https:\/\/ehesapp.com\/wp-content\/uploads\/2022\/06\/contact-min.png\",\"width\":700,\"height\":700,\"caption\":\"eHesApp-Contact1\"},{\"@type\":\"BreadcrumbList\",\"@id\":\"https:\/\/ehesapp.com\/pos-raporlama-ve-mutabakat\/#breadcrumb\",\"itemListElement\":[{\"@type\":\"ListItem\",\"position\":1,\"name\":\"Anasayfa\",\"item\":\"https:\/\/ehesapp.com\/\"},{\"@type\":\"ListItem\",\"position\":2,\"name\":\"Pos Raporlama ve Mutabakat\"}]},{\"@type\":\"WebSite\",\"@id\":\"https:\/\/ehesapp.com\/#website\",\"url\":\"https:\/\/ehesapp.com\/\",\"name\":\"eHesApp A\u00e7\u0131k Bankac\u0131l\u0131k Platformu\",\"description\":\"Hepsi bir arada hesap y\u00f6netimi\",\"publisher\":{\"@id\":\"https:\/\/ehesapp.com\/#organization\"},\"potentialAction\":[{\"@type\":\"SearchAction\",\"target\":{\"@type\":\"EntryPoint\",\"urlTemplate\":\"https:\/\/ehesapp.com\/?s={search_term_string}\"},\"query-input\":{\"@type\":\"PropertyValueSpecification\",\"valueRequired\":true,\"valueName\":\"search_term_string\"}}],\"inLanguage\":\"en-US\"},{\"@type\":\"Organization\",\"@id\":\"https:\/\/ehesapp.com\/#organization\",\"name\":\"eHesApp A\u00e7\u0131k Bankac\u0131l\u0131k Platformu\",\"url\":\"https:\/\/ehesapp.com\/\",\"logo\":{\"@type\":\"ImageObject\",\"inLanguage\":\"en-US\",\"@id\":\"https:\/\/ehesapp.com\/#\/schema\/logo\/image\/\",\"url\":\"https:\/\/ehesapp.com\/wp-content\/uploads\/2022\/03\/cropped-ehesapp-logo.png\",\"contentUrl\":\"https:\/\/ehesapp.com\/wp-content\/uploads\/2022\/03\/cropped-ehesapp-logo.png\",\"width\":512,\"height\":512,\"caption\":\"eHesApp A\u00e7\u0131k Bankac\u0131l\u0131k Platformu\"},\"image\":{\"@id\":\"https:\/\/ehesapp.com\/#\/schema\/logo\/image\/\"}}]}<\/script>\n<!-- \/ Yoast SEO plugin. -->","yoast_head_json":{"title":"Pos Reporting and Reconciliation - eHesApp Open Banking Platform","description":"Pos Raporlama ve Mutabakat sayesinde; sanal poslar ve fiziksel pos cihazlar\u0131 olmak \u00fczere b\u00fct\u00fcn poslar\u0131n i\u015flemlerini anl\u0131k olarak g\u00f6zlemleyin!","robots":{"index":"index","follow":"follow","max-snippet":"max-snippet:-1","max-image-preview":"max-image-preview:large","max-video-preview":"max-video-preview:-1"},"canonical":"https:\/\/ehesapp.com\/en\/pos-raporlama-ve-mutabakat\/","og_locale":"en_US","og_type":"article","og_title":"Pos Raporlama ve Mutabakat - eHesApp A\u00e7\u0131k Bankac\u0131l\u0131k Platformu","og_description":"Pos Raporlama ve Mutabakat sayesinde; sanal poslar ve fiziksel pos cihazlar\u0131 olmak \u00fczere b\u00fct\u00fcn poslar\u0131n i\u015flemlerini anl\u0131k olarak g\u00f6zlemleyin!","og_url":"https:\/\/ehesapp.com\/en\/pos-raporlama-ve-mutabakat\/","og_site_name":"eHesApp A\u00e7\u0131k Bankac\u0131l\u0131k Platformu","article_modified_time":"2026-01-13T08:30:39+00:00","og_image":[{"width":700,"height":700,"url":"https:\/\/ehesapp.com\/wp-content\/uploads\/2022\/06\/contact-min.png","type":"image\/png"}],"twitter_card":"summary_large_image","twitter_misc":{"Est. reading time":"2 minutes"},"schema":{"@context":"https:\/\/schema.org","@graph":[{"@type":"WebPage","@id":"https:\/\/ehesapp.com\/pos-raporlama-ve-mutabakat\/","url":"https:\/\/ehesapp.com\/pos-raporlama-ve-mutabakat\/","name":"Pos Reporting and Reconciliation - eHesApp Open Banking Platform","isPartOf":{"@id":"https:\/\/ehesapp.com\/#website"},"primaryImageOfPage":{"@id":"https:\/\/ehesapp.com\/pos-raporlama-ve-mutabakat\/#primaryimage"},"image":{"@id":"https:\/\/ehesapp.com\/pos-raporlama-ve-mutabakat\/#primaryimage"},"thumbnailUrl":"https:\/\/ehesapp.com\/wp-content\/uploads\/2022\/06\/contact-min.png","datePublished":"2022-10-05T09:53:11+00:00","dateModified":"2026-01-13T08:30:39+00:00","description":"Pos Raporlama ve Mutabakat sayesinde; sanal poslar ve fiziksel pos cihazlar\u0131 olmak \u00fczere b\u00fct\u00fcn poslar\u0131n i\u015flemlerini anl\u0131k olarak g\u00f6zlemleyin!","breadcrumb":{"@id":"https:\/\/ehesapp.com\/pos-raporlama-ve-mutabakat\/#breadcrumb"},"inLanguage":"en-US","potentialAction":[{"@type":"ReadAction","target":["https:\/\/ehesapp.com\/pos-raporlama-ve-mutabakat\/"]}]},{"@type":"ImageObject","inLanguage":"en-US","@id":"https:\/\/ehesapp.com\/pos-raporlama-ve-mutabakat\/#primaryimage","url":"https:\/\/ehesapp.com\/wp-content\/uploads\/2022\/06\/contact-min.png","contentUrl":"https:\/\/ehesapp.com\/wp-content\/uploads\/2022\/06\/contact-min.png","width":700,"height":700,"caption":"eHesApp-Contact1"},{"@type":"BreadcrumbList","@id":"https:\/\/ehesapp.com\/pos-raporlama-ve-mutabakat\/#breadcrumb","itemListElement":[{"@type":"ListItem","position":1,"name":"Anasayfa","item":"https:\/\/ehesapp.com\/"},{"@type":"ListItem","position":2,"name":"Pos Raporlama ve Mutabakat"}]},{"@type":"WebSite","@id":"https:\/\/ehesapp.com\/#website","url":"https:\/\/ehesapp.com\/","name":"eHesApp Open Banking Platform","description":"Hepsi bir arada hesap y\u00f6netimi","publisher":{"@id":"https:\/\/ehesapp.com\/#organization"},"potentialAction":[{"@type":"SearchAction","target":{"@type":"EntryPoint","urlTemplate":"https:\/\/ehesapp.com\/?s={search_term_string}"},"query-input":{"@type":"PropertyValueSpecification","valueRequired":true,"valueName":"search_term_string"}}],"inLanguage":"en-US"},{"@type":"Organization","@id":"https:\/\/ehesapp.com\/#organization","name":"eHesApp Open Banking Platform","url":"https:\/\/ehesapp.com\/","logo":{"@type":"ImageObject","inLanguage":"en-US","@id":"https:\/\/ehesapp.com\/#\/schema\/logo\/image\/","url":"https:\/\/ehesapp.com\/wp-content\/uploads\/2022\/03\/cropped-ehesapp-logo.png","contentUrl":"https:\/\/ehesapp.com\/wp-content\/uploads\/2022\/03\/cropped-ehesapp-logo.png","width":512,"height":512,"caption":"eHesApp A\u00e7\u0131k Bankac\u0131l\u0131k Platformu"},"image":{"@id":"https:\/\/ehesapp.com\/#\/schema\/logo\/image\/"}}]}},"_links":{"self":[{"href":"https:\/\/ehesapp.com\/en\/wp-json\/wp\/v2\/pages\/1801","targetHints":{"allow":["GET"]}}],"collection":[{"href":"https:\/\/ehesapp.com\/en\/wp-json\/wp\/v2\/pages"}],"about":[{"href":"https:\/\/ehesapp.com\/en\/wp-json\/wp\/v2\/types\/page"}],"author":[{"embeddable":true,"href":"https:\/\/ehesapp.com\/en\/wp-json\/wp\/v2\/users\/1"}],"replies":[{"embeddable":true,"href":"https:\/\/ehesapp.com\/en\/wp-json\/wp\/v2\/comments?post=1801"}],"version-history":[{"count":1,"href":"https:\/\/ehesapp.com\/en\/wp-json\/wp\/v2\/pages\/1801\/revisions"}],"predecessor-version":[{"id":5984,"href":"https:\/\/ehesapp.com\/en\/wp-json\/wp\/v2\/pages\/1801\/revisions\/5984"}],"wp:featuredmedia":[{"embeddable":true,"href":"https:\/\/ehesapp.com\/en\/wp-json\/wp\/v2\/media\/841"}],"wp:attachment":[{"href":"https:\/\/ehesapp.com\/en\/wp-json\/wp\/v2\/media?parent=1801"}],"curies":[{"name":"wp","href":"https:\/\/api.w.org\/{rel}","templated":true}]}}