{"id":1795,"date":"2022-10-05T09:47:08","date_gmt":"2022-10-05T09:47:08","guid":{"rendered":"https:\/\/ehesapp.com\/?page_id=1795"},"modified":"2022-11-04T09:35:35","modified_gmt":"2022-11-04T09:35:35","slug":"pos-tahsilat","status":"publish","type":"page","link":"https:\/\/ehesapp.com\/en\/pos-tahsilat\/","title":{"rendered":"Pos Collection"},"content":{"rendered":"<div data-elementor-type=\"wp-page\" data-elementor-id=\"1795\" class=\"elementor elementor-1795\">\n\t\t\t\t\t\t<section class=\"elementor-section elementor-top-section elementor-element elementor-element-2872055a elementor-section-boxed elementor-section-height-default elementor-section-height-default\" data-id=\"2872055a\" data-element_type=\"section\" data-settings=\"{&quot;background_background&quot;:&quot;classic&quot;}\">\n\t\t\t\t\t\t\t<div class=\"elementor-background-overlay\"><\/div>\n\t\t\t\t\t\t\t<div class=\"elementor-container elementor-column-gap-default\">\n\t\t\t\t\t<div class=\"elementor-column elementor-col-100 elementor-top-column elementor-element elementor-element-1345f322\" data-id=\"1345f322\" data-element_type=\"column\">\n\t\t\t<div class=\"elementor-widget-wrap elementor-element-populated\">\n\t\t\t\t\t\t<div class=\"elementor-element elementor-element-69b4e2d elementor-widget elementor-widget-image-box\" data-id=\"69b4e2d\" data-element_type=\"widget\" data-widget_type=\"image-box.default\">\n\t\t\t\t<div class=\"elementor-widget-container\">\n\t\t\t\t\t<div class=\"elementor-image-box-wrapper\"><div class=\"elementor-image-box-content\"><h3 class=\"elementor-image-box-title\">Pos Collection<\/h3><p class=\"elementor-image-box-description\">Speed up your payment transactions with our POS Collection solution, also known as virtual pos is one of our eHesApp digital banking products! Make the most from the advantages of POS Collection;<\/p><\/div><\/div>\t\t\t\t<\/div>\n\t\t\t\t<\/div>\n\t\t\t\t\t<\/div>\n\t\t<\/div>\n\t\t\t\t\t<\/div>\n\t\t<\/section>\n\t\t\t\t<section class=\"elementor-section elementor-top-section elementor-element elementor-element-44e35f5f elementor-section-boxed elementor-section-height-default elementor-section-height-default\" data-id=\"44e35f5f\" data-element_type=\"section\" data-settings=\"{&quot;background_background&quot;:&quot;classic&quot;}\">\n\t\t\t\t\t\t\t<div class=\"elementor-background-overlay\"><\/div>\n\t\t\t\t\t\t\t<div class=\"elementor-container elementor-column-gap-default\">\n\t\t\t\t\t<div class=\"elementor-column elementor-col-100 elementor-top-column elementor-element elementor-element-2d1c919a\" data-id=\"2d1c919a\" data-element_type=\"column\">\n\t\t\t<div class=\"elementor-widget-wrap elementor-element-populated\">\n\t\t\t\t\t\t<section class=\"elementor-section elementor-inner-section elementor-element elementor-element-19adc32e elementor-section-boxed elementor-section-height-default elementor-section-height-default\" data-id=\"19adc32e\" data-element_type=\"section\">\n\t\t\t\t\t\t<div class=\"elementor-container elementor-column-gap-default\">\n\t\t\t\t\t<div class=\"elementor-column elementor-col-50 elementor-inner-column elementor-element elementor-element-f38d596\" data-id=\"f38d596\" data-element_type=\"column\">\n\t\t\t<div class=\"elementor-widget-wrap elementor-element-populated\">\n\t\t\t\t\t\t<div class=\"elementor-element elementor-element-27fd2936 elementor-vertical-align-top elementor-widget elementor-widget-image-box\" data-id=\"27fd2936\" data-element_type=\"widget\" data-widget_type=\"image-box.default\">\n\t\t\t\t<div class=\"elementor-widget-container\">\n\t\t\t\t\t<div class=\"elementor-image-box-wrapper\"><div class=\"elementor-image-box-content\"><h3 class=\"elementor-image-box-title\">Pos Collection Advantages<\/h3><p class=\"elementor-image-box-description\">Make the most of eHessApp statement advantages\n<\/p><\/div><\/div>\t\t\t\t<\/div>\n\t\t\t\t<\/div>\n\t\t\t\t<div class=\"elementor-element elementor-element-32aa5f4 elementor-icon-list--layout-traditional elementor-list-item-link-full_width elementor-widget elementor-widget-icon-list\" data-id=\"32aa5f4\" data-element_type=\"widget\" data-widget_type=\"icon-list.default\">\n\t\t\t\t<div class=\"elementor-widget-container\">\n\t\t\t\t\t\t\t<ul class=\"elementor-icon-list-items\">\n\t\t\t\t\t\t\t<li class=\"elementor-icon-list-item\">\n\t\t\t\t\t\t\t\t\t\t\t<span class=\"elementor-icon-list-icon\">\n\t\t\t\t\t\t\t<i aria-hidden=\"true\" class=\"fas fa-check\"><\/i>\t\t\t\t\t\t<\/span>\n\t\t\t\t\t\t\t\t\t\t<span class=\"elementor-icon-list-text\">You can pay with confidence,<\/span>\n\t\t\t\t\t\t\t\t\t<\/li>\n\t\t\t\t\t\t\t\t<li class=\"elementor-icon-list-item\">\n\t\t\t\t\t\t\t\t\t\t\t<span class=\"elementor-icon-list-icon\">\n\t\t\t\t\t\t\t<i aria-hidden=\"true\" class=\"fas fa-check\"><\/i>\t\t\t\t\t\t<\/span>\n\t\t\t\t\t\t\t\t\t\t<span class=\"elementor-icon-list-text\">You can get reports<\/span>\n\t\t\t\t\t\t\t\t\t<\/li>\n\t\t\t\t\t\t\t\t<li class=\"elementor-icon-list-item\">\n\t\t\t\t\t\t\t\t\t\t\t<span class=\"elementor-icon-list-icon\">\n\t\t\t\t\t\t\t<i aria-hidden=\"true\" class=\"fas fa-check\"><\/i>\t\t\t\t\t\t<\/span>\n\t\t\t\t\t\t\t\t\t\t<span class=\"elementor-icon-list-text\">Analysis can be followed <\/span>\n\t\t\t\t\t\t\t\t\t<\/li>\n\t\t\t\t\t\t\t\t<li class=\"elementor-icon-list-item\">\n\t\t\t\t\t\t\t\t\t\t\t<span class=\"elementor-icon-list-icon\">\n\t\t\t\t\t\t\t<i aria-hidden=\"true\" class=\"fas fa-check\"><\/i>\t\t\t\t\t\t<\/span>\n\t\t\t\t\t\t\t\t\t\t<span class=\"elementor-icon-list-text\">You can follow the commission fees according to the bank and date on dynamic screens.<\/span>\n\t\t\t\t\t\t\t\t\t<\/li>\n\t\t\t\t\t\t<\/ul>\n\t\t\t\t\t\t<\/div>\n\t\t\t\t<\/div>\n\t\t\t\t\t<\/div>\n\t\t<\/div>\n\t\t\t\t<div class=\"elementor-column elementor-col-50 elementor-inner-column elementor-element elementor-element-671da9f3\" data-id=\"671da9f3\" data-element_type=\"column\">\n\t\t\t<div class=\"elementor-widget-wrap elementor-element-populated\">\n\t\t\t\t\t\t<div class=\"elementor-element elementor-element-75648b45 elementor-widget elementor-widget-image\" data-id=\"75648b45\" data-element_type=\"widget\" data-widget_type=\"image.default\">\n\t\t\t\t<div class=\"elementor-widget-container\">\n\t\t\t\t\t\t\t\t\t\t\t\t\t\t\t<img fetchpriority=\"high\" decoding=\"async\" width=\"1024\" height=\"534\" src=\"https:\/\/ehesapp.com\/wp-content\/uploads\/2022\/06\/eHesApp_Pos-Collection.jpg\" class=\"attachment-large size-large wp-image-537\" alt=\"\" srcset=\"https:\/\/ehesapp.com\/wp-content\/uploads\/2022\/06\/eHesApp_Pos-Collection.jpg 1226w, https:\/\/ehesapp.com\/wp-content\/uploads\/2022\/06\/eHesApp_Pos-Collection-300x167.jpg 300w, https:\/\/ehesapp.com\/wp-content\/uploads\/2022\/06\/eHesApp_Pos-Collection-1024x570.jpg 1024w, https:\/\/ehesapp.com\/wp-content\/uploads\/2022\/06\/eHesApp_Pos-Collection-768x427.jpg 768w, https:\/\/ehesapp.com\/wp-content\/uploads\/2022\/06\/eHesApp_Pos-Collection-18x10.jpg 18w, https:\/\/ehesapp.com\/wp-content\/uploads\/2022\/06\/eHesApp_Pos-Collection-920x512.jpg 920w, https:\/\/ehesapp.com\/wp-content\/uploads\/2022\/06\/eHesApp_Pos-Collection-230x128.jpg 230w, https:\/\/ehesapp.com\/wp-content\/uploads\/2022\/06\/eHesApp_Pos-Collection-350x195.jpg 350w, https:\/\/ehesapp.com\/wp-content\/uploads\/2022\/06\/eHesApp_Pos-Collection-480x267.jpg 480w\" sizes=\"(max-width: 1024px) 100vw, 1024px\" \/>\t\t\t\t\t\t\t\t\t\t\t\t\t\t\t<\/div>\n\t\t\t\t<\/div>\n\t\t\t\t\t<\/div>\n\t\t<\/div>\n\t\t\t\t\t<\/div>\n\t\t<\/section>\n\t\t\t\t<section class=\"elementor-section elementor-inner-section elementor-element elementor-element-11265065 elementor-section-boxed elementor-section-height-default elementor-section-height-default\" data-id=\"11265065\" data-element_type=\"section\">\n\t\t\t\t\t\t<div class=\"elementor-container elementor-column-gap-default\">\n\t\t\t\t\t<div class=\"elementor-column elementor-col-100 elementor-inner-column elementor-element elementor-element-1368e650\" data-id=\"1368e650\" data-element_type=\"column\">\n\t\t\t<div class=\"elementor-widget-wrap elementor-element-populated\">\n\t\t\t\t\t\t<div class=\"elementor-element elementor-element-7b702d01 elementor-icon-list--layout-traditional elementor-list-item-link-full_width elementor-widget elementor-widget-icon-list\" data-id=\"7b702d01\" data-element_type=\"widget\" data-widget_type=\"icon-list.default\">\n\t\t\t\t<div class=\"elementor-widget-container\">\n\t\t\t\t\t\t\t<ul class=\"elementor-icon-list-items\">\n\t\t\t\t\t\t\t<li class=\"elementor-icon-list-item\">\n\t\t\t\t\t\t\t\t\t\t<span class=\"elementor-icon-list-text\">By means of that facility, you can take advantage of infrastructure of the system used in e-commerce sites through your payment to your supplier\/customer portal and the virtual pos system service. In this way there is no need to physical presence to arrange collections and all process are completely online. You can monitor and account all these actions in the field of instant bank statement of your ERP system.<\/span>\n\t\t\t\t\t\t\t\t\t<\/li>\n\t\t\t\t\t\t<\/ul>\n\t\t\t\t\t\t<\/div>\n\t\t\t\t<\/div>\n\t\t\t\t\t<\/div>\n\t\t<\/div>\n\t\t\t\t\t<\/div>\n\t\t<\/section>\n\t\t\t\t\t<\/div>\n\t\t<\/div>\n\t\t\t\t\t<\/div>\n\t\t<\/section>\n\t\t\t\t<section class=\"elementor-section elementor-top-section elementor-element elementor-element-12ffed52 elementor-section-boxed elementor-section-height-default elementor-section-height-default\" data-id=\"12ffed52\" data-element_type=\"section\" data-settings=\"{&quot;background_background&quot;:&quot;classic&quot;}\">\n\t\t\t\t\t\t\t<div class=\"elementor-background-overlay\"><\/div>\n\t\t\t\t\t\t\t<div class=\"elementor-container elementor-column-gap-default\">\n\t\t\t\t\t<div class=\"elementor-column elementor-col-50 elementor-top-column elementor-element elementor-element-7bdc2571\" data-id=\"7bdc2571\" data-element_type=\"column\">\n\t\t\t<div class=\"elementor-widget-wrap elementor-element-populated\">\n\t\t\t\t\t\t<div class=\"elementor-element elementor-element-13c35525 elementor-widget elementor-widget-elementskit-heading\" data-id=\"13c35525\" data-element_type=\"widget\" data-widget_type=\"elementskit-heading.default\">\n\t\t\t\t<div class=\"elementor-widget-container\">\n\t\t\t\t\t<div class=\"ekit-wid-con\" ><div class=\"ekit-heading elementskit-section-title-wraper text_left   ekit_heading_tablet-   ekit_heading_mobile-\"><h2 class=\"ekit-heading--title elementskit-section-title\">Download Now!<\/h2>\t\t\t\t<div class='ekit-heading__description'>\n\t\t\t\t\t<p>Download now and have a full-fledged fintech to manage your financial operations.<\/p>\n\t\t\t\t<\/div>\n\t\t\t<\/div><\/div>\t\t\t\t<\/div>\n\t\t\t\t<\/div>\n\t\t\t\t\t<\/div>\n\t\t<\/div>\n\t\t\t\t<div class=\"elementor-column elementor-col-50 elementor-top-column elementor-element elementor-element-2c22dc67\" data-id=\"2c22dc67\" data-element_type=\"column\">\n\t\t\t<div class=\"elementor-widget-wrap elementor-element-populated\">\n\t\t\t\t\t\t<section class=\"elementor-section elementor-inner-section elementor-element elementor-element-64e96573 elementor-section-boxed elementor-section-height-default elementor-section-height-default\" data-id=\"64e96573\" data-element_type=\"section\">\n\t\t\t\t\t\t<div class=\"elementor-container elementor-column-gap-default\">\n\t\t\t\t\t<div class=\"elementor-column elementor-col-33 elementor-inner-column elementor-element elementor-element-151e9a67\" data-id=\"151e9a67\" data-element_type=\"column\">\n\t\t\t<div class=\"elementor-widget-wrap\">\n\t\t\t\t\t\t\t<\/div>\n\t\t<\/div>\n\t\t\t\t<div class=\"elementor-column elementor-col-33 elementor-inner-column elementor-element elementor-element-266e2b13\" data-id=\"266e2b13\" data-element_type=\"column\">\n\t\t\t<div class=\"elementor-widget-wrap elementor-element-populated\">\n\t\t\t\t\t\t<div class=\"elementor-element elementor-element-9ab36bf elementor-widget elementor-widget-image\" data-id=\"9ab36bf\" data-element_type=\"widget\" data-widget_type=\"image.default\">\n\t\t\t\t<div class=\"elementor-widget-container\">\n\t\t\t\t\t\t\t\t\t\t\t\t\t\t\t\t<a href=\"https:\/\/apps.apple.com\/tr\/app\/ehesapp\/id1555201753?l=tr\" target=\"_blank\">\n\t\t\t\t\t\t\t<img decoding=\"async\" width=\"800\" height=\"400\" src=\"https:\/\/ehesapp.com\/wp-content\/uploads\/2022\/03\/app.png\" class=\"attachment-large size-large wp-image-99\" alt=\"\" srcset=\"https:\/\/ehesapp.com\/wp-content\/uploads\/2022\/03\/app.png 800w, https:\/\/ehesapp.com\/wp-content\/uploads\/2022\/03\/app-300x150.png 300w, https:\/\/ehesapp.com\/wp-content\/uploads\/2022\/03\/app-768x384.png 768w\" sizes=\"(max-width: 800px) 100vw, 800px\" \/>\t\t\t\t\t\t\t\t<\/a>\n\t\t\t\t\t\t\t\t\t\t\t\t\t\t\t<\/div>\n\t\t\t\t<\/div>\n\t\t\t\t\t<\/div>\n\t\t<\/div>\n\t\t\t\t<div class=\"elementor-column elementor-col-33 elementor-inner-column elementor-element elementor-element-1a56d10c\" data-id=\"1a56d10c\" data-element_type=\"column\">\n\t\t\t<div class=\"elementor-widget-wrap elementor-element-populated\">\n\t\t\t\t\t\t<div class=\"elementor-element elementor-element-166f4007 elementor-widget elementor-widget-image\" data-id=\"166f4007\" data-element_type=\"widget\" data-widget_type=\"image.default\">\n\t\t\t\t<div class=\"elementor-widget-container\">\n\t\t\t\t\t\t\t\t\t\t\t\t\t\t\t\t<a href=\"https:\/\/play.google.com\/store\/apps\/details?id=com.ehesapp\" target=\"_blank\">\n\t\t\t\t\t\t\t<img decoding=\"async\" width=\"800\" height=\"400\" src=\"https:\/\/ehesapp.com\/wp-content\/uploads\/2022\/03\/google.png\" class=\"attachment-large size-large wp-image-100\" alt=\"\" srcset=\"https:\/\/ehesapp.com\/wp-content\/uploads\/2022\/03\/google.png 800w, https:\/\/ehesapp.com\/wp-content\/uploads\/2022\/03\/google-300x150.png 300w, https:\/\/ehesapp.com\/wp-content\/uploads\/2022\/03\/google-768x384.png 768w\" sizes=\"(max-width: 800px) 100vw, 800px\" \/>\t\t\t\t\t\t\t\t<\/a>\n\t\t\t\t\t\t\t\t\t\t\t\t\t\t\t<\/div>\n\t\t\t\t<\/div>\n\t\t\t\t\t<\/div>\n\t\t<\/div>\n\t\t\t\t\t<\/div>\n\t\t<\/section>\n\t\t\t\t\t<\/div>\n\t\t<\/div>\n\t\t\t\t\t<\/div>\n\t\t<\/section>\n\t\t\t\t<\/div>","protected":false},"excerpt":{"rendered":"<p>Pos Tahsilat eHesApp dijital bankac\u0131l\u0131k \u00fcr\u00fcnlerimiz aras\u0131nda yer alan; Sanal pos olarak da bilinen Pos Tahsilat \u00e7\u00f6z\u00fcm\u00fcm\u00fcz ile \u00f6deme alma i\u015flemlerinizi h\u0131zland\u0131r\u0131n! [&hellip;]<\/p>","protected":false},"author":1,"featured_media":842,"parent":0,"menu_order":0,"comment_status":"closed","ping_status":"closed","template":"page-templates\/page_front-page.php","meta":{"_monsterinsights_skip_tracking":false,"_monsterinsights_sitenote_active":false,"_monsterinsights_sitenote_note":"","_monsterinsights_sitenote_category":0,"footnotes":""},"class_list":["post-1795","page","type-page","status-publish","has-post-thumbnail","hentry"],"yoast_head":"<!-- This site is optimized with the Yoast SEO plugin v26.7 - https:\/\/yoast.com\/wordpress\/plugins\/seo\/ -->\n<title>Pos Tahsilat - eHesApp A\u00e7\u0131k Bankac\u0131l\u0131k Platformu<\/title>\n<meta name=\"description\" content=\"eHeAspp dijital bankac\u0131l\u0131k \u00fcr\u00fcnlerimiz aras\u0131nda yer alan; Sanal pos olarak da bilinen Pos Tahsilat \u00e7\u00f6z\u00fcm\u00fcm\u00fcz ile \u00f6deme alma i\u015flemlerinizi h\u0131zland\u0131r\u0131n!\" \/>\n<meta name=\"robots\" content=\"index, follow, max-snippet:-1, max-image-preview:large, max-video-preview:-1\" \/>\n<link rel=\"canonical\" href=\"https:\/\/ehesapp.com\/en\/pos-tahsilat\/\" \/>\n<meta property=\"og:locale\" content=\"en_US\" \/>\n<meta property=\"og:type\" content=\"article\" \/>\n<meta property=\"og:title\" content=\"Pos Tahsilat - eHesApp A\u00e7\u0131k Bankac\u0131l\u0131k Platformu\" \/>\n<meta property=\"og:description\" content=\"eHeAspp dijital bankac\u0131l\u0131k \u00fcr\u00fcnlerimiz aras\u0131nda yer alan; Sanal pos olarak da bilinen Pos Tahsilat \u00e7\u00f6z\u00fcm\u00fcm\u00fcz ile \u00f6deme alma i\u015flemlerinizi h\u0131zland\u0131r\u0131n!\" \/>\n<meta property=\"og:url\" content=\"https:\/\/ehesapp.com\/en\/pos-tahsilat\/\" \/>\n<meta property=\"og:site_name\" content=\"eHesApp A\u00e7\u0131k Bankac\u0131l\u0131k Platformu\" \/>\n<meta property=\"article:modified_time\" content=\"2022-11-04T09:35:35+00:00\" \/>\n<meta property=\"og:image\" content=\"https:\/\/ehesapp.com\/wp-content\/uploads\/2022\/06\/dashboard-min.png\" \/>\n\t<meta property=\"og:image:width\" content=\"1200\" \/>\n\t<meta property=\"og:image:height\" content=\"1600\" \/>\n\t<meta property=\"og:image:type\" content=\"image\/png\" \/>\n<meta name=\"twitter:card\" content=\"summary_large_image\" \/>\n<meta name=\"twitter:label1\" content=\"Est. reading time\" \/>\n\t<meta name=\"twitter:data1\" content=\"2 minutes\" \/>\n<script type=\"application\/ld+json\" class=\"yoast-schema-graph\">{\"@context\":\"https:\/\/schema.org\",\"@graph\":[{\"@type\":\"WebPage\",\"@id\":\"https:\/\/ehesapp.com\/pos-tahsilat\/\",\"url\":\"https:\/\/ehesapp.com\/pos-tahsilat\/\",\"name\":\"Pos Tahsilat - eHesApp A\u00e7\u0131k Bankac\u0131l\u0131k Platformu\",\"isPartOf\":{\"@id\":\"https:\/\/ehesapp.com\/#website\"},\"primaryImageOfPage\":{\"@id\":\"https:\/\/ehesapp.com\/pos-tahsilat\/#primaryimage\"},\"image\":{\"@id\":\"https:\/\/ehesapp.com\/pos-tahsilat\/#primaryimage\"},\"thumbnailUrl\":\"https:\/\/ehesapp.com\/wp-content\/uploads\/2022\/06\/dashboard-min.png\",\"datePublished\":\"2022-10-05T09:47:08+00:00\",\"dateModified\":\"2022-11-04T09:35:35+00:00\",\"description\":\"eHeAspp dijital bankac\u0131l\u0131k \u00fcr\u00fcnlerimiz aras\u0131nda yer alan; Sanal pos olarak da bilinen Pos Tahsilat \u00e7\u00f6z\u00fcm\u00fcm\u00fcz ile \u00f6deme alma i\u015flemlerinizi h\u0131zland\u0131r\u0131n!\",\"breadcrumb\":{\"@id\":\"https:\/\/ehesapp.com\/pos-tahsilat\/#breadcrumb\"},\"inLanguage\":\"en-US\",\"potentialAction\":[{\"@type\":\"ReadAction\",\"target\":[\"https:\/\/ehesapp.com\/pos-tahsilat\/\"]}]},{\"@type\":\"ImageObject\",\"inLanguage\":\"en-US\",\"@id\":\"https:\/\/ehesapp.com\/pos-tahsilat\/#primaryimage\",\"url\":\"https:\/\/ehesapp.com\/wp-content\/uploads\/2022\/06\/dashboard-min.png\",\"contentUrl\":\"https:\/\/ehesapp.com\/wp-content\/uploads\/2022\/06\/dashboard-min.png\",\"width\":1200,\"height\":1600,\"caption\":\"eHesApp-Dashboard\"},{\"@type\":\"BreadcrumbList\",\"@id\":\"https:\/\/ehesapp.com\/pos-tahsilat\/#breadcrumb\",\"itemListElement\":[{\"@type\":\"ListItem\",\"position\":1,\"name\":\"Anasayfa\",\"item\":\"https:\/\/ehesapp.com\/\"},{\"@type\":\"ListItem\",\"position\":2,\"name\":\"Pos Tahsilat\"}]},{\"@type\":\"WebSite\",\"@id\":\"https:\/\/ehesapp.com\/#website\",\"url\":\"https:\/\/ehesapp.com\/\",\"name\":\"eHesApp A\u00e7\u0131k Bankac\u0131l\u0131k Platformu\",\"description\":\"Hepsi bir arada hesap y\u00f6netimi\",\"publisher\":{\"@id\":\"https:\/\/ehesapp.com\/#organization\"},\"potentialAction\":[{\"@type\":\"SearchAction\",\"target\":{\"@type\":\"EntryPoint\",\"urlTemplate\":\"https:\/\/ehesapp.com\/?s={search_term_string}\"},\"query-input\":{\"@type\":\"PropertyValueSpecification\",\"valueRequired\":true,\"valueName\":\"search_term_string\"}}],\"inLanguage\":\"en-US\"},{\"@type\":\"Organization\",\"@id\":\"https:\/\/ehesapp.com\/#organization\",\"name\":\"eHesApp A\u00e7\u0131k Bankac\u0131l\u0131k Platformu\",\"url\":\"https:\/\/ehesapp.com\/\",\"logo\":{\"@type\":\"ImageObject\",\"inLanguage\":\"en-US\",\"@id\":\"https:\/\/ehesapp.com\/#\/schema\/logo\/image\/\",\"url\":\"https:\/\/ehesapp.com\/wp-content\/uploads\/2022\/03\/cropped-ehesapp-logo.png\",\"contentUrl\":\"https:\/\/ehesapp.com\/wp-content\/uploads\/2022\/03\/cropped-ehesapp-logo.png\",\"width\":512,\"height\":512,\"caption\":\"eHesApp A\u00e7\u0131k Bankac\u0131l\u0131k Platformu\"},\"image\":{\"@id\":\"https:\/\/ehesapp.com\/#\/schema\/logo\/image\/\"}}]}<\/script>\n<!-- \/ Yoast SEO plugin. -->","yoast_head_json":{"title":"Pos Collection - eHesApp Open Banking Platform","description":"eHeAspp dijital bankac\u0131l\u0131k \u00fcr\u00fcnlerimiz aras\u0131nda yer alan; Sanal pos olarak da bilinen Pos Tahsilat \u00e7\u00f6z\u00fcm\u00fcm\u00fcz ile \u00f6deme alma i\u015flemlerinizi h\u0131zland\u0131r\u0131n!","robots":{"index":"index","follow":"follow","max-snippet":"max-snippet:-1","max-image-preview":"max-image-preview:large","max-video-preview":"max-video-preview:-1"},"canonical":"https:\/\/ehesapp.com\/en\/pos-tahsilat\/","og_locale":"en_US","og_type":"article","og_title":"Pos Tahsilat - eHesApp A\u00e7\u0131k Bankac\u0131l\u0131k Platformu","og_description":"eHeAspp dijital bankac\u0131l\u0131k \u00fcr\u00fcnlerimiz aras\u0131nda yer alan; Sanal pos olarak da bilinen Pos Tahsilat \u00e7\u00f6z\u00fcm\u00fcm\u00fcz ile \u00f6deme alma i\u015flemlerinizi h\u0131zland\u0131r\u0131n!","og_url":"https:\/\/ehesapp.com\/en\/pos-tahsilat\/","og_site_name":"eHesApp A\u00e7\u0131k Bankac\u0131l\u0131k Platformu","article_modified_time":"2022-11-04T09:35:35+00:00","og_image":[{"width":1200,"height":1600,"url":"https:\/\/ehesapp.com\/wp-content\/uploads\/2022\/06\/dashboard-min.png","type":"image\/png"}],"twitter_card":"summary_large_image","twitter_misc":{"Est. reading time":"2 minutes"},"schema":{"@context":"https:\/\/schema.org","@graph":[{"@type":"WebPage","@id":"https:\/\/ehesapp.com\/pos-tahsilat\/","url":"https:\/\/ehesapp.com\/pos-tahsilat\/","name":"Pos Collection - eHesApp Open Banking Platform","isPartOf":{"@id":"https:\/\/ehesapp.com\/#website"},"primaryImageOfPage":{"@id":"https:\/\/ehesapp.com\/pos-tahsilat\/#primaryimage"},"image":{"@id":"https:\/\/ehesapp.com\/pos-tahsilat\/#primaryimage"},"thumbnailUrl":"https:\/\/ehesapp.com\/wp-content\/uploads\/2022\/06\/dashboard-min.png","datePublished":"2022-10-05T09:47:08+00:00","dateModified":"2022-11-04T09:35:35+00:00","description":"eHeAspp dijital bankac\u0131l\u0131k \u00fcr\u00fcnlerimiz aras\u0131nda yer alan; Sanal pos olarak da bilinen Pos Tahsilat \u00e7\u00f6z\u00fcm\u00fcm\u00fcz ile \u00f6deme alma i\u015flemlerinizi h\u0131zland\u0131r\u0131n!","breadcrumb":{"@id":"https:\/\/ehesapp.com\/pos-tahsilat\/#breadcrumb"},"inLanguage":"en-US","potentialAction":[{"@type":"ReadAction","target":["https:\/\/ehesapp.com\/pos-tahsilat\/"]}]},{"@type":"ImageObject","inLanguage":"en-US","@id":"https:\/\/ehesapp.com\/pos-tahsilat\/#primaryimage","url":"https:\/\/ehesapp.com\/wp-content\/uploads\/2022\/06\/dashboard-min.png","contentUrl":"https:\/\/ehesapp.com\/wp-content\/uploads\/2022\/06\/dashboard-min.png","width":1200,"height":1600,"caption":"eHesApp-Dashboard"},{"@type":"BreadcrumbList","@id":"https:\/\/ehesapp.com\/pos-tahsilat\/#breadcrumb","itemListElement":[{"@type":"ListItem","position":1,"name":"Anasayfa","item":"https:\/\/ehesapp.com\/"},{"@type":"ListItem","position":2,"name":"Pos Tahsilat"}]},{"@type":"WebSite","@id":"https:\/\/ehesapp.com\/#website","url":"https:\/\/ehesapp.com\/","name":"eHesApp Open Banking Platform","description":"Hepsi bir arada hesap y\u00f6netimi","publisher":{"@id":"https:\/\/ehesapp.com\/#organization"},"potentialAction":[{"@type":"SearchAction","target":{"@type":"EntryPoint","urlTemplate":"https:\/\/ehesapp.com\/?s={search_term_string}"},"query-input":{"@type":"PropertyValueSpecification","valueRequired":true,"valueName":"search_term_string"}}],"inLanguage":"en-US"},{"@type":"Organization","@id":"https:\/\/ehesapp.com\/#organization","name":"eHesApp Open Banking Platform","url":"https:\/\/ehesapp.com\/","logo":{"@type":"ImageObject","inLanguage":"en-US","@id":"https:\/\/ehesapp.com\/#\/schema\/logo\/image\/","url":"https:\/\/ehesapp.com\/wp-content\/uploads\/2022\/03\/cropped-ehesapp-logo.png","contentUrl":"https:\/\/ehesapp.com\/wp-content\/uploads\/2022\/03\/cropped-ehesapp-logo.png","width":512,"height":512,"caption":"eHesApp A\u00e7\u0131k Bankac\u0131l\u0131k Platformu"},"image":{"@id":"https:\/\/ehesapp.com\/#\/schema\/logo\/image\/"}}]}},"_links":{"self":[{"href":"https:\/\/ehesapp.com\/en\/wp-json\/wp\/v2\/pages\/1795","targetHints":{"allow":["GET"]}}],"collection":[{"href":"https:\/\/ehesapp.com\/en\/wp-json\/wp\/v2\/pages"}],"about":[{"href":"https:\/\/ehesapp.com\/en\/wp-json\/wp\/v2\/types\/page"}],"author":[{"embeddable":true,"href":"https:\/\/ehesapp.com\/en\/wp-json\/wp\/v2\/users\/1"}],"replies":[{"embeddable":true,"href":"https:\/\/ehesapp.com\/en\/wp-json\/wp\/v2\/comments?post=1795"}],"version-history":[{"count":0,"href":"https:\/\/ehesapp.com\/en\/wp-json\/wp\/v2\/pages\/1795\/revisions"}],"wp:featuredmedia":[{"embeddable":true,"href":"https:\/\/ehesapp.com\/en\/wp-json\/wp\/v2\/media\/842"}],"wp:attachment":[{"href":"https:\/\/ehesapp.com\/en\/wp-json\/wp\/v2\/media?parent=1795"}],"curies":[{"name":"wp","href":"https:\/\/api.w.org\/{rel}","templated":true}]}}