{"id":1780,"date":"2022-10-05T08:51:43","date_gmt":"2022-10-05T08:51:43","guid":{"rendered":"https:\/\/ehesapp.com\/?page_id=1780"},"modified":"2022-11-04T09:34:42","modified_gmt":"2022-11-04T09:34:42","slug":"online-dbs","status":"publish","type":"page","link":"https:\/\/ehesapp.com\/en\/online-dbs\/","title":{"rendered":"Online DBS"},"content":{"rendered":"<div data-elementor-type=\"wp-page\" data-elementor-id=\"1780\" class=\"elementor elementor-1780\">\n\t\t\t\t\t\t<section class=\"elementor-section elementor-top-section elementor-element elementor-element-385c018f elementor-section-boxed elementor-section-height-default elementor-section-height-default\" data-id=\"385c018f\" data-element_type=\"section\" data-settings=\"{&quot;background_background&quot;:&quot;classic&quot;}\">\n\t\t\t\t\t\t\t<div class=\"elementor-background-overlay\"><\/div>\n\t\t\t\t\t\t\t<div class=\"elementor-container elementor-column-gap-default\">\n\t\t\t\t\t<div class=\"elementor-column elementor-col-100 elementor-top-column elementor-element elementor-element-5906d087\" data-id=\"5906d087\" data-element_type=\"column\">\n\t\t\t<div class=\"elementor-widget-wrap elementor-element-populated\">\n\t\t\t\t\t\t<div class=\"elementor-element elementor-element-6d23e726 elementor-widget elementor-widget-image-box\" data-id=\"6d23e726\" data-element_type=\"widget\" data-widget_type=\"image-box.default\">\n\t\t\t\t<div class=\"elementor-widget-container\">\n\t\t\t\t\t<div class=\"elementor-image-box-wrapper\"><div class=\"elementor-image-box-content\"><h3 class=\"elementor-image-box-title\">Online DBS<\/h3><p class=\"elementor-image-box-description\">Take advantage of Online DBS, which is among the products of eHesApp, now!\n<\/p><\/div><\/div>\t\t\t\t<\/div>\n\t\t\t\t<\/div>\n\t\t\t\t\t<\/div>\n\t\t<\/div>\n\t\t\t\t\t<\/div>\n\t\t<\/section>\n\t\t\t\t<section class=\"elementor-section elementor-top-section elementor-element elementor-element-21f5f691 elementor-section-boxed elementor-section-height-default elementor-section-height-default\" data-id=\"21f5f691\" data-element_type=\"section\" data-settings=\"{&quot;background_background&quot;:&quot;classic&quot;}\">\n\t\t\t\t\t\t\t<div class=\"elementor-background-overlay\"><\/div>\n\t\t\t\t\t\t\t<div class=\"elementor-container elementor-column-gap-default\">\n\t\t\t\t\t<div class=\"elementor-column elementor-col-100 elementor-top-column elementor-element elementor-element-23eb92e0\" data-id=\"23eb92e0\" data-element_type=\"column\">\n\t\t\t<div class=\"elementor-widget-wrap elementor-element-populated\">\n\t\t\t\t\t\t<section class=\"elementor-section elementor-inner-section elementor-element elementor-element-2285b07a elementor-section-boxed elementor-section-height-default elementor-section-height-default\" data-id=\"2285b07a\" data-element_type=\"section\">\n\t\t\t\t\t\t<div class=\"elementor-container elementor-column-gap-default\">\n\t\t\t\t\t<div class=\"elementor-column elementor-col-100 elementor-inner-column elementor-element elementor-element-32f7aad2\" data-id=\"32f7aad2\" data-element_type=\"column\">\n\t\t\t<div class=\"elementor-widget-wrap elementor-element-populated\">\n\t\t\t\t\t\t<div class=\"elementor-element elementor-element-5737a3a6 elementor-vertical-align-top elementor-widget elementor-widget-image-box\" data-id=\"5737a3a6\" data-element_type=\"widget\" data-widget_type=\"image-box.default\">\n\t\t\t\t<div class=\"elementor-widget-container\">\n\t\t\t\t\t<div class=\"elementor-image-box-wrapper\"><div class=\"elementor-image-box-content\"><h3 class=\"elementor-image-box-title\">What is Online DBS?<\/h3><p class=\"elementor-image-box-description\">DBS, also known as Disclosure and Barring Service, is a fast and guaranteed cash management service that enables companies with a wide range of customers or dealers, to whom they sell goods and services, to automatically issue invoices for goods and services. Take advantage of Online DBS, which is among the products of eHesApp, now! <\/p><\/div><\/div>\t\t\t\t<\/div>\n\t\t\t\t<\/div>\n\t\t\t\t\t<\/div>\n\t\t<\/div>\n\t\t\t\t\t<\/div>\n\t\t<\/section>\n\t\t\t\t<section class=\"elementor-section elementor-inner-section elementor-element elementor-element-13a29a89 elementor-section-boxed elementor-section-height-default elementor-section-height-default\" data-id=\"13a29a89\" data-element_type=\"section\">\n\t\t\t\t\t\t<div class=\"elementor-container elementor-column-gap-default\">\n\t\t\t\t\t<div class=\"elementor-column elementor-col-50 elementor-inner-column elementor-element elementor-element-5242df25\" data-id=\"5242df25\" data-element_type=\"column\">\n\t\t\t<div class=\"elementor-widget-wrap elementor-element-populated\">\n\t\t\t\t\t\t<div class=\"elementor-element elementor-element-291d9cb elementor-widget elementor-widget-image\" data-id=\"291d9cb\" data-element_type=\"widget\" data-widget_type=\"image.default\">\n\t\t\t\t<div class=\"elementor-widget-container\">\n\t\t\t\t\t\t\t\t\t\t\t\t\t\t\t<img fetchpriority=\"high\" decoding=\"async\" width=\"652\" height=\"425\" src=\"https:\/\/ehesapp.com\/wp-content\/uploads\/2022\/04\/dbs.png\" class=\"attachment-large size-large wp-image-568\" alt=\"\" srcset=\"https:\/\/ehesapp.com\/wp-content\/uploads\/2022\/04\/dbs.png 652w, https:\/\/ehesapp.com\/wp-content\/uploads\/2022\/04\/dbs-300x196.png 300w, https:\/\/ehesapp.com\/wp-content\/uploads\/2022\/04\/dbs-230x150.png 230w, https:\/\/ehesapp.com\/wp-content\/uploads\/2022\/04\/dbs-350x228.png 350w, https:\/\/ehesapp.com\/wp-content\/uploads\/2022\/04\/dbs-480x313.png 480w\" sizes=\"(max-width: 652px) 100vw, 652px\" \/>\t\t\t\t\t\t\t\t\t\t\t\t\t\t\t<\/div>\n\t\t\t\t<\/div>\n\t\t\t\t\t<\/div>\n\t\t<\/div>\n\t\t\t\t<div class=\"elementor-column elementor-col-50 elementor-inner-column elementor-element elementor-element-1a2b3fc8\" data-id=\"1a2b3fc8\" data-element_type=\"column\">\n\t\t\t<div class=\"elementor-widget-wrap elementor-element-populated\">\n\t\t\t\t\t\t<div class=\"elementor-element elementor-element-4866e2e5 elementor-widget elementor-widget-image\" data-id=\"4866e2e5\" data-element_type=\"widget\" data-widget_type=\"image.default\">\n\t\t\t\t<div class=\"elementor-widget-container\">\n\t\t\t\t\t\t\t\t\t\t\t\t\t\t\t<img decoding=\"async\" width=\"639\" height=\"383\" src=\"https:\/\/ehesapp.com\/wp-content\/uploads\/2022\/04\/online-dbs.png\" class=\"attachment-large size-large wp-image-531\" alt=\"\" srcset=\"https:\/\/ehesapp.com\/wp-content\/uploads\/2022\/04\/online-dbs.png 639w, https:\/\/ehesapp.com\/wp-content\/uploads\/2022\/04\/online-dbs-300x180.png 300w, https:\/\/ehesapp.com\/wp-content\/uploads\/2022\/04\/online-dbs-230x138.png 230w, https:\/\/ehesapp.com\/wp-content\/uploads\/2022\/04\/online-dbs-350x210.png 350w, https:\/\/ehesapp.com\/wp-content\/uploads\/2022\/04\/online-dbs-480x288.png 480w\" sizes=\"(max-width: 639px) 100vw, 639px\" \/>\t\t\t\t\t\t\t\t\t\t\t\t\t\t\t<\/div>\n\t\t\t\t<\/div>\n\t\t\t\t\t<\/div>\n\t\t<\/div>\n\t\t\t\t\t<\/div>\n\t\t<\/section>\n\t\t\t\t<section class=\"elementor-section elementor-inner-section elementor-element elementor-element-9708ab5 elementor-section-boxed elementor-section-height-default elementor-section-height-default\" data-id=\"9708ab5\" data-element_type=\"section\">\n\t\t\t\t\t\t<div class=\"elementor-container elementor-column-gap-default\">\n\t\t\t\t\t<div class=\"elementor-column elementor-col-100 elementor-inner-column elementor-element elementor-element-13b962b\" data-id=\"13b962b\" data-element_type=\"column\">\n\t\t\t<div class=\"elementor-widget-wrap elementor-element-populated\">\n\t\t\t\t\t\t<div class=\"elementor-element elementor-element-033f590 elementor-icon-list--layout-traditional elementor-list-item-link-full_width elementor-widget elementor-widget-icon-list\" data-id=\"033f590\" data-element_type=\"widget\" data-widget_type=\"icon-list.default\">\n\t\t\t\t<div class=\"elementor-widget-container\">\n\t\t\t\t\t\t\t<ul class=\"elementor-icon-list-items\">\n\t\t\t\t\t\t\t<li class=\"elementor-icon-list-item\">\n\t\t\t\t\t\t\t\t\t\t\t<span class=\"elementor-icon-list-icon\">\n\t\t\t\t\t\t\t<i aria-hidden=\"true\" class=\"fas fa-check\"><\/i>\t\t\t\t\t\t<\/span>\n\t\t\t\t\t\t\t\t\t\t<span class=\"elementor-icon-list-text\">Online DBS, as a new financial tool that enables companies working with a network of dealers and distributors to manage their cash flow and collection actions, is specially designed to make life easier for companies. <\/span>\n\t\t\t\t\t\t\t\t\t<\/li>\n\t\t\t\t\t\t\t\t<li class=\"elementor-icon-list-item\">\n\t\t\t\t\t\t\t\t\t\t\t<span class=\"elementor-icon-list-icon\">\n\t\t\t\t\t\t\t<i aria-hidden=\"true\" class=\"fas fa-check\"><\/i>\t\t\t\t\t\t<\/span>\n\t\t\t\t\t\t\t\t\t\t<span class=\"elementor-icon-list-text\">Thanks to our payment system solutions that we offer through banks; In DBS, the deferred payments to be made by the dealers or distributors to the main company are made automatically. Like so, the parent company provides a 100% receivables guarantee. <\/span>\n\t\t\t\t\t\t\t\t\t<\/li>\n\t\t\t\t\t\t\t\t<li class=\"elementor-icon-list-item\">\n\t\t\t\t\t\t\t\t\t\t\t<span class=\"elementor-icon-list-icon\">\n\t\t\t\t\t\t\t<i aria-hidden=\"true\" class=\"fas fa-check\"><\/i>\t\t\t\t\t\t<\/span>\n\t\t\t\t\t\t\t\t\t\t<span class=\"elementor-icon-list-text\">Invoice amounts transmitted to the bank with DBS by the parent company are automatically collected from the dealer\/distributor accounts on the due date. In short, companies with Online DBS guarantees its receivability.<\/span>\n\t\t\t\t\t\t\t\t\t<\/li>\n\t\t\t\t\t\t\t\t<li class=\"elementor-icon-list-item\">\n\t\t\t\t\t\t\t\t\t\t<span class=\"elementor-icon-list-text\">Using this digital banking service, the Direct Debit System actions in your bank\u2019s ERP system, can be instantly monitored. You can automatically account money transactions by placing them in the right accounts in the ERP system.<\/span>\n\t\t\t\t\t\t\t\t\t<\/li>\n\t\t\t\t\t\t<\/ul>\n\t\t\t\t\t\t<\/div>\n\t\t\t\t<\/div>\n\t\t\t\t\t<\/div>\n\t\t<\/div>\n\t\t\t\t\t<\/div>\n\t\t<\/section>\n\t\t\t\t\t<\/div>\n\t\t<\/div>\n\t\t\t\t\t<\/div>\n\t\t<\/section>\n\t\t\t\t<section class=\"elementor-section elementor-top-section elementor-element elementor-element-6c3a29ae elementor-section-boxed elementor-section-height-default elementor-section-height-default\" data-id=\"6c3a29ae\" data-element_type=\"section\" data-settings=\"{&quot;background_background&quot;:&quot;classic&quot;}\">\n\t\t\t\t\t\t\t<div class=\"elementor-background-overlay\"><\/div>\n\t\t\t\t\t\t\t<div class=\"elementor-container elementor-column-gap-default\">\n\t\t\t\t\t<div class=\"elementor-column elementor-col-50 elementor-top-column elementor-element elementor-element-11b01f13\" data-id=\"11b01f13\" data-element_type=\"column\">\n\t\t\t<div class=\"elementor-widget-wrap elementor-element-populated\">\n\t\t\t\t\t\t<div class=\"elementor-element elementor-element-58654e88 elementor-widget elementor-widget-elementskit-heading\" data-id=\"58654e88\" data-element_type=\"widget\" data-widget_type=\"elementskit-heading.default\">\n\t\t\t\t<div class=\"elementor-widget-container\">\n\t\t\t\t\t<div class=\"ekit-wid-con\" ><div class=\"ekit-heading elementskit-section-title-wraper text_left   ekit_heading_tablet-   ekit_heading_mobile-\"><h2 class=\"ekit-heading--title elementskit-section-title\">Download Now!<\/h2>\t\t\t\t<div class='ekit-heading__description'>\n\t\t\t\t\t<p>Download now and have a full-fledged fintech to manage your financial operations.<\/p>\n\t\t\t\t<\/div>\n\t\t\t<\/div><\/div>\t\t\t\t<\/div>\n\t\t\t\t<\/div>\n\t\t\t\t\t<\/div>\n\t\t<\/div>\n\t\t\t\t<div class=\"elementor-column elementor-col-50 elementor-top-column elementor-element elementor-element-643f2135\" data-id=\"643f2135\" data-element_type=\"column\">\n\t\t\t<div class=\"elementor-widget-wrap elementor-element-populated\">\n\t\t\t\t\t\t<section class=\"elementor-section elementor-inner-section elementor-element elementor-element-2838dbb5 elementor-section-boxed elementor-section-height-default elementor-section-height-default\" data-id=\"2838dbb5\" data-element_type=\"section\">\n\t\t\t\t\t\t<div class=\"elementor-container elementor-column-gap-default\">\n\t\t\t\t\t<div class=\"elementor-column elementor-col-33 elementor-inner-column elementor-element elementor-element-656ad812\" data-id=\"656ad812\" data-element_type=\"column\">\n\t\t\t<div class=\"elementor-widget-wrap\">\n\t\t\t\t\t\t\t<\/div>\n\t\t<\/div>\n\t\t\t\t<div class=\"elementor-column elementor-col-33 elementor-inner-column elementor-element elementor-element-1a760ebe\" data-id=\"1a760ebe\" data-element_type=\"column\">\n\t\t\t<div class=\"elementor-widget-wrap elementor-element-populated\">\n\t\t\t\t\t\t<div class=\"elementor-element elementor-element-2dbd6af5 elementor-widget elementor-widget-image\" data-id=\"2dbd6af5\" data-element_type=\"widget\" data-widget_type=\"image.default\">\n\t\t\t\t<div class=\"elementor-widget-container\">\n\t\t\t\t\t\t\t\t\t\t\t\t\t\t\t\t<a href=\"https:\/\/apps.apple.com\/tr\/app\/ehesapp\/id1555201753?l=tr\" target=\"_blank\">\n\t\t\t\t\t\t\t<img decoding=\"async\" width=\"800\" height=\"400\" src=\"https:\/\/ehesapp.com\/wp-content\/uploads\/2022\/03\/app.png\" class=\"attachment-large size-large wp-image-99\" alt=\"\" srcset=\"https:\/\/ehesapp.com\/wp-content\/uploads\/2022\/03\/app.png 800w, https:\/\/ehesapp.com\/wp-content\/uploads\/2022\/03\/app-300x150.png 300w, https:\/\/ehesapp.com\/wp-content\/uploads\/2022\/03\/app-768x384.png 768w\" sizes=\"(max-width: 800px) 100vw, 800px\" \/>\t\t\t\t\t\t\t\t<\/a>\n\t\t\t\t\t\t\t\t\t\t\t\t\t\t\t<\/div>\n\t\t\t\t<\/div>\n\t\t\t\t\t<\/div>\n\t\t<\/div>\n\t\t\t\t<div class=\"elementor-column elementor-col-33 elementor-inner-column elementor-element elementor-element-53a3fcc6\" data-id=\"53a3fcc6\" data-element_type=\"column\">\n\t\t\t<div class=\"elementor-widget-wrap elementor-element-populated\">\n\t\t\t\t\t\t<div class=\"elementor-element elementor-element-46a5fb17 elementor-widget elementor-widget-image\" data-id=\"46a5fb17\" data-element_type=\"widget\" data-widget_type=\"image.default\">\n\t\t\t\t<div class=\"elementor-widget-container\">\n\t\t\t\t\t\t\t\t\t\t\t\t\t\t\t\t<a href=\"https:\/\/play.google.com\/store\/apps\/details?id=com.ehesapp\" target=\"_blank\">\n\t\t\t\t\t\t\t<img loading=\"lazy\" decoding=\"async\" width=\"800\" height=\"400\" src=\"https:\/\/ehesapp.com\/wp-content\/uploads\/2022\/03\/google.png\" class=\"attachment-large size-large wp-image-100\" alt=\"\" srcset=\"https:\/\/ehesapp.com\/wp-content\/uploads\/2022\/03\/google.png 800w, https:\/\/ehesapp.com\/wp-content\/uploads\/2022\/03\/google-300x150.png 300w, https:\/\/ehesapp.com\/wp-content\/uploads\/2022\/03\/google-768x384.png 768w\" sizes=\"(max-width: 800px) 100vw, 800px\" \/>\t\t\t\t\t\t\t\t<\/a>\n\t\t\t\t\t\t\t\t\t\t\t\t\t\t\t<\/div>\n\t\t\t\t<\/div>\n\t\t\t\t\t<\/div>\n\t\t<\/div>\n\t\t\t\t\t<\/div>\n\t\t<\/section>\n\t\t\t\t\t<\/div>\n\t\t<\/div>\n\t\t\t\t\t<\/div>\n\t\t<\/section>\n\t\t\t\t<\/div>","protected":false},"excerpt":{"rendered":"<p>Online DBS eHesApp\u2019\u0131n \u00fcr\u00fcnleri aras\u0131nda yer alan Online DBS avantajlar\u0131ndan \u015fimdi siz de yararlan\u0131n! Online DBS Nedir? Do\u011frudan Bor\u00e7land\u0131rma Sistemi olarak da [&hellip;]<\/p>","protected":false},"author":1,"featured_media":843,"parent":0,"menu_order":0,"comment_status":"closed","ping_status":"closed","template":"page-templates\/page_front-page.php","meta":{"_monsterinsights_skip_tracking":false,"_monsterinsights_sitenote_active":false,"_monsterinsights_sitenote_note":"","_monsterinsights_sitenote_category":0,"footnotes":""},"class_list":["post-1780","page","type-page","status-publish","has-post-thumbnail","hentry"],"yoast_head":"<!-- This site is optimized with the Yoast SEO plugin v26.7 - https:\/\/yoast.com\/wordpress\/plugins\/seo\/ -->\n<title>Online DBS - eHesApp A\u00e7\u0131k Bankac\u0131l\u0131k Platformu<\/title>\n<meta name=\"description\" content=\"eHesApp\u2019\u0131n \u00fcr\u00fcnleri aras\u0131nda yer alan Online DBS avantajlar\u0131ndan \u015fimdi siz de yararlan\u0131n!\" \/>\n<meta name=\"robots\" content=\"index, follow, max-snippet:-1, max-image-preview:large, max-video-preview:-1\" \/>\n<link rel=\"canonical\" href=\"https:\/\/ehesapp.com\/en\/online-dbs\/\" \/>\n<meta property=\"og:locale\" content=\"en_US\" \/>\n<meta property=\"og:type\" content=\"article\" \/>\n<meta property=\"og:title\" content=\"Online DBS - eHesApp A\u00e7\u0131k Bankac\u0131l\u0131k Platformu\" \/>\n<meta property=\"og:description\" content=\"eHesApp\u2019\u0131n \u00fcr\u00fcnleri aras\u0131nda yer alan Online DBS avantajlar\u0131ndan \u015fimdi siz de yararlan\u0131n!\" \/>\n<meta property=\"og:url\" content=\"https:\/\/ehesapp.com\/en\/online-dbs\/\" \/>\n<meta property=\"og:site_name\" content=\"eHesApp A\u00e7\u0131k Bankac\u0131l\u0131k Platformu\" \/>\n<meta property=\"article:modified_time\" content=\"2022-11-04T09:34:42+00:00\" \/>\n<meta property=\"og:image\" content=\"https:\/\/ehesapp.com\/wp-content\/uploads\/2022\/06\/ehesap-open-banking.png\" \/>\n\t<meta property=\"og:image:width\" content=\"1200\" \/>\n\t<meta property=\"og:image:height\" content=\"675\" \/>\n\t<meta property=\"og:image:type\" content=\"image\/png\" \/>\n<meta name=\"twitter:card\" content=\"summary_large_image\" \/>\n<meta name=\"twitter:label1\" content=\"Est. reading time\" \/>\n\t<meta name=\"twitter:data1\" content=\"2 minutes\" \/>\n<script type=\"application\/ld+json\" class=\"yoast-schema-graph\">{\"@context\":\"https:\/\/schema.org\",\"@graph\":[{\"@type\":\"WebPage\",\"@id\":\"https:\/\/ehesapp.com\/online-dbs\/\",\"url\":\"https:\/\/ehesapp.com\/online-dbs\/\",\"name\":\"Online DBS - eHesApp A\u00e7\u0131k Bankac\u0131l\u0131k Platformu\",\"isPartOf\":{\"@id\":\"https:\/\/ehesapp.com\/#website\"},\"primaryImageOfPage\":{\"@id\":\"https:\/\/ehesapp.com\/online-dbs\/#primaryimage\"},\"image\":{\"@id\":\"https:\/\/ehesapp.com\/online-dbs\/#primaryimage\"},\"thumbnailUrl\":\"https:\/\/ehesapp.com\/wp-content\/uploads\/2022\/06\/ehesap-open-banking.png\",\"datePublished\":\"2022-10-05T08:51:43+00:00\",\"dateModified\":\"2022-11-04T09:34:42+00:00\",\"description\":\"eHesApp\u2019\u0131n \u00fcr\u00fcnleri aras\u0131nda yer alan Online DBS avantajlar\u0131ndan \u015fimdi siz de yararlan\u0131n!\",\"breadcrumb\":{\"@id\":\"https:\/\/ehesapp.com\/online-dbs\/#breadcrumb\"},\"inLanguage\":\"en-US\",\"potentialAction\":[{\"@type\":\"ReadAction\",\"target\":[\"https:\/\/ehesapp.com\/online-dbs\/\"]}]},{\"@type\":\"ImageObject\",\"inLanguage\":\"en-US\",\"@id\":\"https:\/\/ehesapp.com\/online-dbs\/#primaryimage\",\"url\":\"https:\/\/ehesapp.com\/wp-content\/uploads\/2022\/06\/ehesap-open-banking.png\",\"contentUrl\":\"https:\/\/ehesapp.com\/wp-content\/uploads\/2022\/06\/ehesap-open-banking.png\",\"width\":1200,\"height\":675,\"caption\":\"eHesApp Open Banking\"},{\"@type\":\"BreadcrumbList\",\"@id\":\"https:\/\/ehesapp.com\/online-dbs\/#breadcrumb\",\"itemListElement\":[{\"@type\":\"ListItem\",\"position\":1,\"name\":\"Anasayfa\",\"item\":\"https:\/\/ehesapp.com\/\"},{\"@type\":\"ListItem\",\"position\":2,\"name\":\"Online DBS\"}]},{\"@type\":\"WebSite\",\"@id\":\"https:\/\/ehesapp.com\/#website\",\"url\":\"https:\/\/ehesapp.com\/\",\"name\":\"eHesApp A\u00e7\u0131k Bankac\u0131l\u0131k Platformu\",\"description\":\"Hepsi bir arada hesap y\u00f6netimi\",\"publisher\":{\"@id\":\"https:\/\/ehesapp.com\/#organization\"},\"potentialAction\":[{\"@type\":\"SearchAction\",\"target\":{\"@type\":\"EntryPoint\",\"urlTemplate\":\"https:\/\/ehesapp.com\/?s={search_term_string}\"},\"query-input\":{\"@type\":\"PropertyValueSpecification\",\"valueRequired\":true,\"valueName\":\"search_term_string\"}}],\"inLanguage\":\"en-US\"},{\"@type\":\"Organization\",\"@id\":\"https:\/\/ehesapp.com\/#organization\",\"name\":\"eHesApp A\u00e7\u0131k Bankac\u0131l\u0131k Platformu\",\"url\":\"https:\/\/ehesapp.com\/\",\"logo\":{\"@type\":\"ImageObject\",\"inLanguage\":\"en-US\",\"@id\":\"https:\/\/ehesapp.com\/#\/schema\/logo\/image\/\",\"url\":\"https:\/\/ehesapp.com\/wp-content\/uploads\/2022\/03\/cropped-ehesapp-logo.png\",\"contentUrl\":\"https:\/\/ehesapp.com\/wp-content\/uploads\/2022\/03\/cropped-ehesapp-logo.png\",\"width\":512,\"height\":512,\"caption\":\"eHesApp A\u00e7\u0131k Bankac\u0131l\u0131k Platformu\"},\"image\":{\"@id\":\"https:\/\/ehesapp.com\/#\/schema\/logo\/image\/\"}}]}<\/script>\n<!-- \/ Yoast SEO plugin. -->","yoast_head_json":{"title":"Online DBS - eHesApp Open Banking Platform","description":"Take advantage of Online DBS, which is among the products of eHesApp, now!","robots":{"index":"index","follow":"follow","max-snippet":"max-snippet:-1","max-image-preview":"max-image-preview:large","max-video-preview":"max-video-preview:-1"},"canonical":"https:\/\/ehesapp.com\/en\/online-dbs\/","og_locale":"en_US","og_type":"article","og_title":"Online DBS - eHesApp A\u00e7\u0131k Bankac\u0131l\u0131k Platformu","og_description":"eHesApp\u2019\u0131n \u00fcr\u00fcnleri aras\u0131nda yer alan Online DBS avantajlar\u0131ndan \u015fimdi siz de yararlan\u0131n!","og_url":"https:\/\/ehesapp.com\/en\/online-dbs\/","og_site_name":"eHesApp A\u00e7\u0131k Bankac\u0131l\u0131k Platformu","article_modified_time":"2022-11-04T09:34:42+00:00","og_image":[{"width":1200,"height":675,"url":"https:\/\/ehesapp.com\/wp-content\/uploads\/2022\/06\/ehesap-open-banking.png","type":"image\/png"}],"twitter_card":"summary_large_image","twitter_misc":{"Est. reading time":"2 minutes"},"schema":{"@context":"https:\/\/schema.org","@graph":[{"@type":"WebPage","@id":"https:\/\/ehesapp.com\/online-dbs\/","url":"https:\/\/ehesapp.com\/online-dbs\/","name":"Online DBS - eHesApp Open Banking Platform","isPartOf":{"@id":"https:\/\/ehesapp.com\/#website"},"primaryImageOfPage":{"@id":"https:\/\/ehesapp.com\/online-dbs\/#primaryimage"},"image":{"@id":"https:\/\/ehesapp.com\/online-dbs\/#primaryimage"},"thumbnailUrl":"https:\/\/ehesapp.com\/wp-content\/uploads\/2022\/06\/ehesap-open-banking.png","datePublished":"2022-10-05T08:51:43+00:00","dateModified":"2022-11-04T09:34:42+00:00","description":"Take advantage of Online DBS, which is among the products of eHesApp, now!","breadcrumb":{"@id":"https:\/\/ehesapp.com\/online-dbs\/#breadcrumb"},"inLanguage":"en-US","potentialAction":[{"@type":"ReadAction","target":["https:\/\/ehesapp.com\/online-dbs\/"]}]},{"@type":"ImageObject","inLanguage":"en-US","@id":"https:\/\/ehesapp.com\/online-dbs\/#primaryimage","url":"https:\/\/ehesapp.com\/wp-content\/uploads\/2022\/06\/ehesap-open-banking.png","contentUrl":"https:\/\/ehesapp.com\/wp-content\/uploads\/2022\/06\/ehesap-open-banking.png","width":1200,"height":675,"caption":"eHesApp Open Banking"},{"@type":"BreadcrumbList","@id":"https:\/\/ehesapp.com\/online-dbs\/#breadcrumb","itemListElement":[{"@type":"ListItem","position":1,"name":"Anasayfa","item":"https:\/\/ehesapp.com\/"},{"@type":"ListItem","position":2,"name":"Online DBS"}]},{"@type":"WebSite","@id":"https:\/\/ehesapp.com\/#website","url":"https:\/\/ehesapp.com\/","name":"eHesApp Open Banking Platform","description":"Hepsi bir arada hesap y\u00f6netimi","publisher":{"@id":"https:\/\/ehesapp.com\/#organization"},"potentialAction":[{"@type":"SearchAction","target":{"@type":"EntryPoint","urlTemplate":"https:\/\/ehesapp.com\/?s={search_term_string}"},"query-input":{"@type":"PropertyValueSpecification","valueRequired":true,"valueName":"search_term_string"}}],"inLanguage":"en-US"},{"@type":"Organization","@id":"https:\/\/ehesapp.com\/#organization","name":"eHesApp Open Banking Platform","url":"https:\/\/ehesapp.com\/","logo":{"@type":"ImageObject","inLanguage":"en-US","@id":"https:\/\/ehesapp.com\/#\/schema\/logo\/image\/","url":"https:\/\/ehesapp.com\/wp-content\/uploads\/2022\/03\/cropped-ehesapp-logo.png","contentUrl":"https:\/\/ehesapp.com\/wp-content\/uploads\/2022\/03\/cropped-ehesapp-logo.png","width":512,"height":512,"caption":"eHesApp A\u00e7\u0131k Bankac\u0131l\u0131k Platformu"},"image":{"@id":"https:\/\/ehesapp.com\/#\/schema\/logo\/image\/"}}]}},"_links":{"self":[{"href":"https:\/\/ehesapp.com\/en\/wp-json\/wp\/v2\/pages\/1780","targetHints":{"allow":["GET"]}}],"collection":[{"href":"https:\/\/ehesapp.com\/en\/wp-json\/wp\/v2\/pages"}],"about":[{"href":"https:\/\/ehesapp.com\/en\/wp-json\/wp\/v2\/types\/page"}],"author":[{"embeddable":true,"href":"https:\/\/ehesapp.com\/en\/wp-json\/wp\/v2\/users\/1"}],"replies":[{"embeddable":true,"href":"https:\/\/ehesapp.com\/en\/wp-json\/wp\/v2\/comments?post=1780"}],"version-history":[{"count":1,"href":"https:\/\/ehesapp.com\/en\/wp-json\/wp\/v2\/pages\/1780\/revisions"}],"predecessor-version":[{"id":5494,"href":"https:\/\/ehesapp.com\/en\/wp-json\/wp\/v2\/pages\/1780\/revisions\/5494"}],"wp:featuredmedia":[{"embeddable":true,"href":"https:\/\/ehesapp.com\/en\/wp-json\/wp\/v2\/media\/843"}],"wp:attachment":[{"href":"https:\/\/ehesapp.com\/en\/wp-json\/wp\/v2\/media?parent=1780"}],"curies":[{"name":"wp","href":"https:\/\/api.w.org\/{rel}","templated":true}]}}